{"id":1438,"date":"2014-07-21T12:19:05","date_gmt":"2014-07-21T11:19:05","guid":{"rendered":"http:\/\/www.besseling-group.com\/besseling-die-kunst-der-lagerung\/"},"modified":"2019-01-11T16:37:46","modified_gmt":"2019-01-11T14:37:46","slug":"besseling-die-kunst-der-lagerung","status":"publish","type":"page","link":"https:\/\/besseling-group.com\/de\/","title":{"rendered":"Besseling, die Kunst der Lagerung"},"content":{"rendered":"<p>Die Begriffe <strong>Lagerung und Sicherheit<\/strong> stehen bei den Aktivit\u00e4ten von Besseling im Mittelpunkt: Wir bieten Ihren Produkten genau die richtige Sorgfalt und Aufmerksamkeit, sodass Sie einen m\u00f6glichst hohen Ertrag erzielen k\u00f6nnen. Als Spezialist f\u00fcr CA\/ULO\/DCA und andere Lagertechniken bieten wir L\u00f6sungen nach Ma\u00df, um eine Schutzatmosph\u00e4re zu erzeugen. <\/p>\n<p>Was spricht f\u00fcr die Besseling Group? Die Antwort ist einfach: bew\u00e4hrte Technologie. Unsere Produkte werden unter schwersten und extremsten Bedingungen getestet. Wir stellen selbst h\u00f6chste Anforderungen an unsere Produkte. Das ist nicht verwunderlich, da unsere Begr\u00fcnder schon seit Generationen im Agrarsektor aktiv sind und immer auf der Suche nach den besten Verfahren sind, um kostbare Produkte optimal zu lagern.<\/p>\n<p>Dank unserer Fachkenntnisse k\u00f6nnen wir Ihnen integrale L\u00f6sungen f\u00fcr jede Ihrer Anforderung bieten, auf Wunsch auch in Kombination mit einer Atmosph\u00e4ren-, K\u00e4lte- und Feuchtigkeitsregelung. Unsere hochwertigen Produkte wurden eigens entwickelt, um Ihre Erzeugnisse langfristig, preisg\u00fcnstig, zuverl\u00e4ssig und mit einem geringen Wartungsaufwand aufzubewahren. Kurzum: ein komplettes Programm zur Erhaltung Ihres Produktes\/Einkommens.<\/p>\n<p>Besseling sorgt dar\u00fcber hinaus f\u00fcr Ruhe in Ihrer K\u00fchlzelle. Und genau das verstehen wir unter <strong>\u201eKunst der Lagerung\u201c.<\/strong><\/p>\n","protected":false},"excerpt":{"rendered":"<p>Die Begriffe Lagerung und Sicherheit stehen bei den Aktivit\u00e4ten von Besseling im Mittelpunkt: Wir bieten Ihren Produkten genau die richtige Sorgfalt und Aufmerksamkeit, sodass Sie einen m\u00f6glichst hohen Ertrag erzielen k\u00f6nnen. Als Spezialist f\u00fcr CA\/ULO\/DCA und andere Lagertechniken bieten wir L\u00f6sungen nach Ma\u00df, um eine Schutzatmosph\u00e4re zu erzeugen. Was spricht f\u00fcr die Besseling Group? Die [&hellip;]<\/p>\n","protected":false},"author":1,"featured_media":1795,"parent":0,"menu_order":3,"comment_status":"open","ping_status":"open","template":"","meta":[],"acf":[],"yoast_head":"<!-- This site is optimized with the Yoast SEO plugin v20.5 - https:\/\/yoast.com\/wordpress\/plugins\/seo\/ -->\n<title>Besseling, die Kunst der Lagerung - Besseling<\/title>\n<meta name=\"robots\" content=\"index, follow, max-snippet:-1, max-image-preview:large, max-video-preview:-1\" \/>\n<link rel=\"canonical\" href=\"https:\/\/besseling-group.com\/de\/\" \/>\n<meta property=\"og:locale\" content=\"de_DE\" \/>\n<meta property=\"og:type\" content=\"article\" \/>\n<meta property=\"og:title\" content=\"Besseling, die Kunst der Lagerung - Besseling\" \/>\n<meta property=\"og:description\" content=\"Die Begriffe Lagerung und Sicherheit stehen bei den Aktivit\u00e4ten von Besseling im Mittelpunkt: Wir bieten Ihren Produkten genau die richtige Sorgfalt und Aufmerksamkeit, sodass Sie einen m\u00f6glichst hohen Ertrag erzielen k\u00f6nnen. Als Spezialist f\u00fcr CA\/ULO\/DCA und andere Lagertechniken bieten wir L\u00f6sungen nach Ma\u00df, um eine Schutzatmosph\u00e4re zu erzeugen. Was spricht f\u00fcr die Besseling Group? Die [&hellip;]\" \/>\n<meta property=\"og:url\" content=\"https:\/\/besseling-group.com\/de\/\" \/>\n<meta property=\"og:site_name\" content=\"Besseling\" \/>\n<meta property=\"article:publisher\" content=\"https:\/\/www.facebook.com\/besselingca\" \/>\n<meta property=\"article:modified_time\" content=\"2019-01-11T14:37:46+00:00\" \/>\n<meta property=\"og:image\" content=\"https:\/\/besseling-group.com\/wp-content\/uploads\/2014\/07\/Besseling-Group_CA-01.jpg\" \/>\n\t<meta property=\"og:image:width\" content=\"745\" \/>\n\t<meta property=\"og:image:height\" content=\"295\" \/>\n\t<meta property=\"og:image:type\" content=\"image\/jpeg\" \/>\n<meta name=\"twitter:card\" content=\"summary_large_image\" \/>\n<meta name=\"twitter:site\" content=\"@BesselingGroup\" \/>\n<meta name=\"twitter:label1\" content=\"Gesch\u00e4tzte Lesezeit\" \/>\n\t<meta name=\"twitter:data1\" content=\"1\u00a0Minute\" \/>\n<script type=\"application\/ld+json\" class=\"yoast-schema-graph\">{\"@context\":\"https:\/\/schema.org\",\"@graph\":[{\"@type\":\"WebPage\",\"@id\":\"https:\/\/besseling-group.com\/de\/\",\"url\":\"https:\/\/besseling-group.com\/de\/\",\"name\":\"Besseling, die Kunst der Lagerung - Besseling\",\"isPartOf\":{\"@id\":\"https:\/\/besseling-group.com\/#website\"},\"datePublished\":\"2014-07-21T11:19:05+00:00\",\"dateModified\":\"2019-01-11T14:37:46+00:00\",\"breadcrumb\":{\"@id\":\"https:\/\/besseling-group.com\/de\/#breadcrumb\"},\"inLanguage\":\"de\",\"potentialAction\":[{\"@type\":\"ReadAction\",\"target\":[\"https:\/\/besseling-group.com\/de\/\"]}]},{\"@type\":\"BreadcrumbList\",\"@id\":\"https:\/\/besseling-group.com\/de\/#breadcrumb\",\"itemListElement\":[{\"@type\":\"ListItem\",\"position\":1,\"name\":\"Home\",\"item\":\"https:\/\/besseling-group.com\/de\/\"},{\"@type\":\"ListItem\",\"position\":2,\"name\":\"Besseling, die Kunst der Lagerung\"}]},{\"@type\":\"WebSite\",\"@id\":\"https:\/\/besseling-group.com\/#website\",\"url\":\"https:\/\/besseling-group.com\/\",\"name\":\"Besseling\",\"description\":\"The art of storage\",\"potentialAction\":[{\"@type\":\"SearchAction\",\"target\":{\"@type\":\"EntryPoint\",\"urlTemplate\":\"https:\/\/besseling-group.com\/?s={search_term_string}\"},\"query-input\":\"required name=search_term_string\"}],\"inLanguage\":\"de\"}]}<\/script>\n<!-- \/ Yoast SEO plugin. -->","yoast_head_json":{"title":"Besseling, die Kunst der Lagerung - Besseling","robots":{"index":"index","follow":"follow","max-snippet":"max-snippet:-1","max-image-preview":"max-image-preview:large","max-video-preview":"max-video-preview:-1"},"canonical":"https:\/\/besseling-group.com\/de\/","og_locale":"de_DE","og_type":"article","og_title":"Besseling, die Kunst der Lagerung - Besseling","og_description":"Die Begriffe Lagerung und Sicherheit stehen bei den Aktivit\u00e4ten von Besseling im Mittelpunkt: Wir bieten Ihren Produkten genau die richtige Sorgfalt und Aufmerksamkeit, sodass Sie einen m\u00f6glichst hohen Ertrag erzielen k\u00f6nnen. Als Spezialist f\u00fcr CA\/ULO\/DCA und andere Lagertechniken bieten wir L\u00f6sungen nach Ma\u00df, um eine Schutzatmosph\u00e4re zu erzeugen. Was spricht f\u00fcr die Besseling Group? Die [&hellip;]","og_url":"https:\/\/besseling-group.com\/de\/","og_site_name":"Besseling","article_publisher":"https:\/\/www.facebook.com\/besselingca","article_modified_time":"2019-01-11T14:37:46+00:00","og_image":[{"width":745,"height":295,"url":"https:\/\/besseling-group.com\/wp-content\/uploads\/2014\/07\/Besseling-Group_CA-01.jpg","type":"image\/jpeg"}],"twitter_card":"summary_large_image","twitter_site":"@BesselingGroup","twitter_misc":{"Gesch\u00e4tzte Lesezeit":"1\u00a0Minute"},"schema":{"@context":"https:\/\/schema.org","@graph":[{"@type":"WebPage","@id":"https:\/\/besseling-group.com\/de\/","url":"https:\/\/besseling-group.com\/de\/","name":"Besseling, die Kunst der Lagerung - Besseling","isPartOf":{"@id":"https:\/\/besseling-group.com\/#website"},"datePublished":"2014-07-21T11:19:05+00:00","dateModified":"2019-01-11T14:37:46+00:00","breadcrumb":{"@id":"https:\/\/besseling-group.com\/de\/#breadcrumb"},"inLanguage":"de","potentialAction":[{"@type":"ReadAction","target":["https:\/\/besseling-group.com\/de\/"]}]},{"@type":"BreadcrumbList","@id":"https:\/\/besseling-group.com\/de\/#breadcrumb","itemListElement":[{"@type":"ListItem","position":1,"name":"Home","item":"https:\/\/besseling-group.com\/de\/"},{"@type":"ListItem","position":2,"name":"Besseling, die Kunst der Lagerung"}]},{"@type":"WebSite","@id":"https:\/\/besseling-group.com\/#website","url":"https:\/\/besseling-group.com\/","name":"Besseling","description":"The art of storage","potentialAction":[{"@type":"SearchAction","target":{"@type":"EntryPoint","urlTemplate":"https:\/\/besseling-group.com\/?s={search_term_string}"},"query-input":"required name=search_term_string"}],"inLanguage":"de"}]}},"_links":{"self":[{"href":"https:\/\/besseling-group.com\/de\/wp-json\/wp\/v2\/pages\/1438"}],"collection":[{"href":"https:\/\/besseling-group.com\/de\/wp-json\/wp\/v2\/pages"}],"about":[{"href":"https:\/\/besseling-group.com\/de\/wp-json\/wp\/v2\/types\/page"}],"author":[{"embeddable":true,"href":"https:\/\/besseling-group.com\/de\/wp-json\/wp\/v2\/users\/1"}],"replies":[{"embeddable":true,"href":"https:\/\/besseling-group.com\/de\/wp-json\/wp\/v2\/comments?post=1438"}],"version-history":[{"count":1,"href":"https:\/\/besseling-group.com\/de\/wp-json\/wp\/v2\/pages\/1438\/revisions"}],"predecessor-version":[{"id":1896,"href":"https:\/\/besseling-group.com\/de\/wp-json\/wp\/v2\/pages\/1438\/revisions\/1896"}],"wp:featuredmedia":[{"embeddable":true,"href":"https:\/\/besseling-group.com\/de\/wp-json\/wp\/v2\/media\/1795"}],"wp:attachment":[{"href":"https:\/\/besseling-group.com\/de\/wp-json\/wp\/v2\/media?parent=1438"}],"curies":[{"name":"wp","href":"https:\/\/api.w.org\/{rel}","templated":true}]}}