{"id":1462,"date":"2014-08-06T10:00:29","date_gmt":"2014-08-06T09:00:29","guid":{"rendered":"http:\/\/www.besseling-group.com\/messen\/"},"modified":"2014-08-06T10:00:29","modified_gmt":"2014-08-06T09:00:29","slug":"messen","status":"publish","type":"page","link":"https:\/\/besseling-group.com\/de\/messen\/","title":{"rendered":"Messen"},"content":{"rendered":"<p>Besseling legt gro\u00dfen Wert darauf, um Kunden und Interessenten \u00fcber seine Produkte und Dienstleistungen auf dem Laufenden zu halten. Auf den nachfolgend aufgef\u00fchrten Messen sind wir mit einem Stand vertreten oder an bestimmten Tagen\/zu bestimmten Zeiten anwesend. <\/p>\n<p>Wenn Sie uns auf einer dieser Messen besuchen oder treffen m\u00f6chten, bitten wir Sie, zwecks Terminvereinbarung <a href=\"http:\/\/besseling-group.com\/de\/information\/information-request\/\" title=\"Informatie aanvragen\">Kontakt <\/a>mit uns aufzunehmen. <\/p>\n","protected":false},"excerpt":{"rendered":"<p>Besseling legt gro\u00dfen Wert darauf, um Kunden und Interessenten \u00fcber seine Produkte und Dienstleistungen auf dem Laufenden zu halten. Auf den nachfolgend aufgef\u00fchrten Messen sind wir mit einem Stand vertreten oder an bestimmten Tagen\/zu bestimmten Zeiten anwesend. Wenn Sie uns auf einer dieser Messen besuchen oder treffen m\u00f6chten, bitten wir Sie, zwecks Terminvereinbarung Kontakt mit [&hellip;]<\/p>\n","protected":false},"author":1,"featured_media":0,"parent":0,"menu_order":0,"comment_status":"open","ping_status":"open","template":"","meta":[],"acf":[],"yoast_head":"<!-- This site is optimized with the Yoast SEO plugin v20.5 - https:\/\/yoast.com\/wordpress\/plugins\/seo\/ -->\n<title>Messen - Besseling<\/title>\n<meta name=\"robots\" content=\"index, follow, max-snippet:-1, max-image-preview:large, max-video-preview:-1\" \/>\n<link rel=\"canonical\" href=\"https:\/\/besseling-group.com\/de\/messen\/\" \/>\n<meta property=\"og:locale\" content=\"de_DE\" \/>\n<meta property=\"og:type\" content=\"article\" \/>\n<meta property=\"og:title\" content=\"Messen - Besseling\" \/>\n<meta property=\"og:description\" content=\"Besseling legt gro\u00dfen Wert darauf, um Kunden und Interessenten \u00fcber seine Produkte und Dienstleistungen auf dem Laufenden zu halten. Auf den nachfolgend aufgef\u00fchrten Messen sind wir mit einem Stand vertreten oder an bestimmten Tagen\/zu bestimmten Zeiten anwesend. Wenn Sie uns auf einer dieser Messen besuchen oder treffen m\u00f6chten, bitten wir Sie, zwecks Terminvereinbarung Kontakt mit [&hellip;]\" \/>\n<meta property=\"og:url\" content=\"https:\/\/besseling-group.com\/de\/messen\/\" \/>\n<meta property=\"og:site_name\" content=\"Besseling\" \/>\n<meta property=\"article:publisher\" content=\"https:\/\/www.facebook.com\/besselingca\" \/>\n<meta name=\"twitter:card\" content=\"summary_large_image\" \/>\n<meta name=\"twitter:site\" content=\"@BesselingGroup\" \/>\n<script type=\"application\/ld+json\" class=\"yoast-schema-graph\">{\"@context\":\"https:\/\/schema.org\",\"@graph\":[{\"@type\":\"WebPage\",\"@id\":\"https:\/\/besseling-group.com\/de\/messen\/\",\"url\":\"https:\/\/besseling-group.com\/de\/messen\/\",\"name\":\"Messen - Besseling\",\"isPartOf\":{\"@id\":\"https:\/\/besseling-group.com\/#website\"},\"datePublished\":\"2014-08-06T09:00:29+00:00\",\"dateModified\":\"2014-08-06T09:00:29+00:00\",\"breadcrumb\":{\"@id\":\"https:\/\/besseling-group.com\/de\/messen\/#breadcrumb\"},\"inLanguage\":\"de\",\"potentialAction\":[{\"@type\":\"ReadAction\",\"target\":[\"https:\/\/besseling-group.com\/de\/messen\/\"]}]},{\"@type\":\"BreadcrumbList\",\"@id\":\"https:\/\/besseling-group.com\/de\/messen\/#breadcrumb\",\"itemListElement\":[{\"@type\":\"ListItem\",\"position\":1,\"name\":\"Home\",\"item\":\"https:\/\/besseling-group.com\/de\/\"},{\"@type\":\"ListItem\",\"position\":2,\"name\":\"Messen\"}]},{\"@type\":\"WebSite\",\"@id\":\"https:\/\/besseling-group.com\/#website\",\"url\":\"https:\/\/besseling-group.com\/\",\"name\":\"Besseling\",\"description\":\"The art of storage\",\"potentialAction\":[{\"@type\":\"SearchAction\",\"target\":{\"@type\":\"EntryPoint\",\"urlTemplate\":\"https:\/\/besseling-group.com\/?s={search_term_string}\"},\"query-input\":\"required name=search_term_string\"}],\"inLanguage\":\"de\"}]}<\/script>\n<!-- \/ Yoast SEO plugin. -->","yoast_head_json":{"title":"Messen - Besseling","robots":{"index":"index","follow":"follow","max-snippet":"max-snippet:-1","max-image-preview":"max-image-preview:large","max-video-preview":"max-video-preview:-1"},"canonical":"https:\/\/besseling-group.com\/de\/messen\/","og_locale":"de_DE","og_type":"article","og_title":"Messen - Besseling","og_description":"Besseling legt gro\u00dfen Wert darauf, um Kunden und Interessenten \u00fcber seine Produkte und Dienstleistungen auf dem Laufenden zu halten. Auf den nachfolgend aufgef\u00fchrten Messen sind wir mit einem Stand vertreten oder an bestimmten Tagen\/zu bestimmten Zeiten anwesend. Wenn Sie uns auf einer dieser Messen besuchen oder treffen m\u00f6chten, bitten wir Sie, zwecks Terminvereinbarung Kontakt mit [&hellip;]","og_url":"https:\/\/besseling-group.com\/de\/messen\/","og_site_name":"Besseling","article_publisher":"https:\/\/www.facebook.com\/besselingca","twitter_card":"summary_large_image","twitter_site":"@BesselingGroup","schema":{"@context":"https:\/\/schema.org","@graph":[{"@type":"WebPage","@id":"https:\/\/besseling-group.com\/de\/messen\/","url":"https:\/\/besseling-group.com\/de\/messen\/","name":"Messen - Besseling","isPartOf":{"@id":"https:\/\/besseling-group.com\/#website"},"datePublished":"2014-08-06T09:00:29+00:00","dateModified":"2014-08-06T09:00:29+00:00","breadcrumb":{"@id":"https:\/\/besseling-group.com\/de\/messen\/#breadcrumb"},"inLanguage":"de","potentialAction":[{"@type":"ReadAction","target":["https:\/\/besseling-group.com\/de\/messen\/"]}]},{"@type":"BreadcrumbList","@id":"https:\/\/besseling-group.com\/de\/messen\/#breadcrumb","itemListElement":[{"@type":"ListItem","position":1,"name":"Home","item":"https:\/\/besseling-group.com\/de\/"},{"@type":"ListItem","position":2,"name":"Messen"}]},{"@type":"WebSite","@id":"https:\/\/besseling-group.com\/#website","url":"https:\/\/besseling-group.com\/","name":"Besseling","description":"The art of storage","potentialAction":[{"@type":"SearchAction","target":{"@type":"EntryPoint","urlTemplate":"https:\/\/besseling-group.com\/?s={search_term_string}"},"query-input":"required name=search_term_string"}],"inLanguage":"de"}]}},"_links":{"self":[{"href":"https:\/\/besseling-group.com\/de\/wp-json\/wp\/v2\/pages\/1462"}],"collection":[{"href":"https:\/\/besseling-group.com\/de\/wp-json\/wp\/v2\/pages"}],"about":[{"href":"https:\/\/besseling-group.com\/de\/wp-json\/wp\/v2\/types\/page"}],"author":[{"embeddable":true,"href":"https:\/\/besseling-group.com\/de\/wp-json\/wp\/v2\/users\/1"}],"replies":[{"embeddable":true,"href":"https:\/\/besseling-group.com\/de\/wp-json\/wp\/v2\/comments?post=1462"}],"version-history":[{"count":0,"href":"https:\/\/besseling-group.com\/de\/wp-json\/wp\/v2\/pages\/1462\/revisions"}],"wp:attachment":[{"href":"https:\/\/besseling-group.com\/de\/wp-json\/wp\/v2\/media?parent=1462"}],"curies":[{"name":"wp","href":"https:\/\/api.w.org\/{rel}","templated":true}]}}