{"id":1439,"date":"2014-07-21T12:19:05","date_gmt":"2014-07-21T11:19:05","guid":{"rendered":"http:\/\/www.besseling-group.com\/besseling-el-arte-de-conservar\/"},"modified":"2014-07-21T12:19:05","modified_gmt":"2014-07-21T11:19:05","slug":"besseling-el-arte-de-conservar","status":"publish","type":"page","link":"https:\/\/besseling-group.com\/es\/","title":{"rendered":"Besseling, el arte de conservar"},"content":{"rendered":"<p><strong>Conservar y proteger,<\/strong> estas dos palabras embarcan todo lo que hacemos: darle a sus productos el cuidado exacto y la atenci\u00f3n precisa para que pueda obtener un rendimiento m\u00e1ximo. Como especialista en AC, ULO, DCA y otras t\u00e9cnicas de conservaci\u00f3n, le ofrecemos soluciones a medida para crear una atmosfera protegida.<\/p>\n<p>\u00bfPor qu\u00e9 Besseling Group? La respuesta es simple: tecnolog\u00eda demostrada. Nuestros productos son testados bajo las condiciones m\u00e1s extremas y duras. Exigimos a nuestros productos los resultados m\u00e1s rigurososos.<\/p>\n<p>Aunque no es de extra\u00f1ar, ya que nuestros fundadores originariamente, eran del sector agrario desde hace varias generaciones y siempre han buscado la forma \u00f3ptima para conservar sus productos.<\/p>\n<p>Gracias a nuestra experiencia podemos ofrecer soluciones integrales para todas sus peticiones de conservaci\u00f3n, en combinaci\u00f3n, si as\u00ed lo desea, con nuestro asesoramiento sobre las muchas facetas de atmosfera controlada, temperatura y humedad relativa. Nuestros productos est\u00e1n especialmente dise\u00f1ados para conservar su producto, para un uso continuado, amortizables, fiables y con un m\u00ednimo mantenimiento. Por lo tanto: un programa completo para sacar lo mejor de su producto. Y eso es justamente lo que entendemos como <strong>&#8216;El arte de conservar&#8217;<\/strong>.<\/p>\n","protected":false},"excerpt":{"rendered":"<p>Conservar y proteger, estas dos palabras embarcan todo lo que hacemos: darle a sus productos el cuidado exacto y la atenci\u00f3n precisa para que pueda obtener un rendimiento m\u00e1ximo. Como especialista en AC, ULO, DCA y otras t\u00e9cnicas de conservaci\u00f3n, le ofrecemos soluciones a medida para crear una atmosfera protegida. \u00bfPor qu\u00e9 Besseling Group? La [&hellip;]<\/p>\n","protected":false},"author":1,"featured_media":1798,"parent":0,"menu_order":3,"comment_status":"open","ping_status":"open","template":"","meta":[],"acf":[],"yoast_head":"<!-- This site is optimized with the Yoast SEO plugin v20.5 - https:\/\/yoast.com\/wordpress\/plugins\/seo\/ -->\n<title>Besseling, el arte de conservar - Besseling<\/title>\n<meta name=\"robots\" content=\"index, follow, max-snippet:-1, max-image-preview:large, max-video-preview:-1\" \/>\n<link rel=\"canonical\" href=\"https:\/\/besseling-group.com\/es\/\" \/>\n<meta property=\"og:locale\" content=\"es_ES\" \/>\n<meta property=\"og:type\" content=\"article\" \/>\n<meta property=\"og:title\" content=\"Besseling, el arte de conservar - Besseling\" \/>\n<meta property=\"og:description\" content=\"Conservar y proteger, estas dos palabras embarcan todo lo que hacemos: darle a sus productos el cuidado exacto y la atenci\u00f3n precisa para que pueda obtener un rendimiento m\u00e1ximo. Como especialista en AC, ULO, DCA y otras t\u00e9cnicas de conservaci\u00f3n, le ofrecemos soluciones a medida para crear una atmosfera protegida. \u00bfPor qu\u00e9 Besseling Group? La [&hellip;]\" \/>\n<meta property=\"og:url\" content=\"https:\/\/besseling-group.com\/es\/\" \/>\n<meta property=\"og:site_name\" content=\"Besseling\" \/>\n<meta property=\"article:publisher\" content=\"https:\/\/www.facebook.com\/besselingca\" \/>\n<meta property=\"og:image\" content=\"https:\/\/besseling-group.com\/wp-content\/uploads\/2014\/07\/Besseling-Group_CA-01.jpg\" \/>\n\t<meta property=\"og:image:width\" content=\"745\" \/>\n\t<meta property=\"og:image:height\" content=\"295\" \/>\n\t<meta property=\"og:image:type\" content=\"image\/jpeg\" \/>\n<meta name=\"twitter:card\" content=\"summary_large_image\" \/>\n<meta name=\"twitter:site\" content=\"@BesselingGroup\" \/>\n<meta name=\"twitter:label1\" content=\"Tiempo de lectura\" \/>\n\t<meta name=\"twitter:data1\" content=\"1 minuto\" \/>\n<script type=\"application\/ld+json\" class=\"yoast-schema-graph\">{\"@context\":\"https:\/\/schema.org\",\"@graph\":[{\"@type\":\"WebPage\",\"@id\":\"https:\/\/besseling-group.com\/es\/\",\"url\":\"https:\/\/besseling-group.com\/es\/\",\"name\":\"Besseling, el arte de conservar - Besseling\",\"isPartOf\":{\"@id\":\"https:\/\/besseling-group.com\/#website\"},\"datePublished\":\"2014-07-21T11:19:05+00:00\",\"dateModified\":\"2014-07-21T11:19:05+00:00\",\"breadcrumb\":{\"@id\":\"https:\/\/besseling-group.com\/es\/#breadcrumb\"},\"inLanguage\":\"es\",\"potentialAction\":[{\"@type\":\"ReadAction\",\"target\":[\"https:\/\/besseling-group.com\/es\/\"]}]},{\"@type\":\"BreadcrumbList\",\"@id\":\"https:\/\/besseling-group.com\/es\/#breadcrumb\",\"itemListElement\":[{\"@type\":\"ListItem\",\"position\":1,\"name\":\"Home\",\"item\":\"https:\/\/besseling-group.com\/es\/\"},{\"@type\":\"ListItem\",\"position\":2,\"name\":\"Besseling, el arte de conservar\"}]},{\"@type\":\"WebSite\",\"@id\":\"https:\/\/besseling-group.com\/#website\",\"url\":\"https:\/\/besseling-group.com\/\",\"name\":\"Besseling\",\"description\":\"The art of storage\",\"potentialAction\":[{\"@type\":\"SearchAction\",\"target\":{\"@type\":\"EntryPoint\",\"urlTemplate\":\"https:\/\/besseling-group.com\/?s={search_term_string}\"},\"query-input\":\"required name=search_term_string\"}],\"inLanguage\":\"es\"}]}<\/script>\n<!-- \/ Yoast SEO plugin. -->","yoast_head_json":{"title":"Besseling, el arte de conservar - Besseling","robots":{"index":"index","follow":"follow","max-snippet":"max-snippet:-1","max-image-preview":"max-image-preview:large","max-video-preview":"max-video-preview:-1"},"canonical":"https:\/\/besseling-group.com\/es\/","og_locale":"es_ES","og_type":"article","og_title":"Besseling, el arte de conservar - Besseling","og_description":"Conservar y proteger, estas dos palabras embarcan todo lo que hacemos: darle a sus productos el cuidado exacto y la atenci\u00f3n precisa para que pueda obtener un rendimiento m\u00e1ximo. Como especialista en AC, ULO, DCA y otras t\u00e9cnicas de conservaci\u00f3n, le ofrecemos soluciones a medida para crear una atmosfera protegida. \u00bfPor qu\u00e9 Besseling Group? La [&hellip;]","og_url":"https:\/\/besseling-group.com\/es\/","og_site_name":"Besseling","article_publisher":"https:\/\/www.facebook.com\/besselingca","og_image":[{"width":745,"height":295,"url":"https:\/\/besseling-group.com\/wp-content\/uploads\/2014\/07\/Besseling-Group_CA-01.jpg","type":"image\/jpeg"}],"twitter_card":"summary_large_image","twitter_site":"@BesselingGroup","twitter_misc":{"Tiempo de lectura":"1 minuto"},"schema":{"@context":"https:\/\/schema.org","@graph":[{"@type":"WebPage","@id":"https:\/\/besseling-group.com\/es\/","url":"https:\/\/besseling-group.com\/es\/","name":"Besseling, el arte de conservar - Besseling","isPartOf":{"@id":"https:\/\/besseling-group.com\/#website"},"datePublished":"2014-07-21T11:19:05+00:00","dateModified":"2014-07-21T11:19:05+00:00","breadcrumb":{"@id":"https:\/\/besseling-group.com\/es\/#breadcrumb"},"inLanguage":"es","potentialAction":[{"@type":"ReadAction","target":["https:\/\/besseling-group.com\/es\/"]}]},{"@type":"BreadcrumbList","@id":"https:\/\/besseling-group.com\/es\/#breadcrumb","itemListElement":[{"@type":"ListItem","position":1,"name":"Home","item":"https:\/\/besseling-group.com\/es\/"},{"@type":"ListItem","position":2,"name":"Besseling, el arte de conservar"}]},{"@type":"WebSite","@id":"https:\/\/besseling-group.com\/#website","url":"https:\/\/besseling-group.com\/","name":"Besseling","description":"The art of storage","potentialAction":[{"@type":"SearchAction","target":{"@type":"EntryPoint","urlTemplate":"https:\/\/besseling-group.com\/?s={search_term_string}"},"query-input":"required name=search_term_string"}],"inLanguage":"es"}]}},"_links":{"self":[{"href":"https:\/\/besseling-group.com\/es\/wp-json\/wp\/v2\/pages\/1439"}],"collection":[{"href":"https:\/\/besseling-group.com\/es\/wp-json\/wp\/v2\/pages"}],"about":[{"href":"https:\/\/besseling-group.com\/es\/wp-json\/wp\/v2\/types\/page"}],"author":[{"embeddable":true,"href":"https:\/\/besseling-group.com\/es\/wp-json\/wp\/v2\/users\/1"}],"replies":[{"embeddable":true,"href":"https:\/\/besseling-group.com\/es\/wp-json\/wp\/v2\/comments?post=1439"}],"version-history":[{"count":0,"href":"https:\/\/besseling-group.com\/es\/wp-json\/wp\/v2\/pages\/1439\/revisions"}],"wp:featuredmedia":[{"embeddable":true,"href":"https:\/\/besseling-group.com\/es\/wp-json\/wp\/v2\/media\/1798"}],"wp:attachment":[{"href":"https:\/\/besseling-group.com\/es\/wp-json\/wp\/v2\/media?parent=1439"}],"curies":[{"name":"wp","href":"https:\/\/api.w.org\/{rel}","templated":true}]}}