{"id":1443,"date":"2014-07-21T12:19:05","date_gmt":"2014-07-21T11:19:05","guid":{"rendered":"http:\/\/www.besseling-group.com\/besseling-lart-de-la-conservation\/"},"modified":"2014-07-21T12:19:05","modified_gmt":"2014-07-21T11:19:05","slug":"besseling-lart-de-la-conservation","status":"publish","type":"page","link":"https:\/\/besseling-group.com\/fr\/","title":{"rendered":"Besseling, l\u2019art de la conservation"},"content":{"rendered":"<p><strong>Conserver et prot\u00e9ger,<\/strong> voil\u00e0 les deux th\u00e8mes qui rythment les activit\u00e9s quotidiennes de Besseling. Selon leurs besoins, vos produits b\u00e9n\u00e9ficient du soin et de l\u2019attention n\u00e9cessaires \u00e0 un rendement optimal. En tant que sp\u00e9cialistes CA \/ ULO \/ DCA et d\u2019autres techniques de conservation, nous proposons des solutions sur mesure en vue de cr\u00e9er une atmosph\u00e8re protectrice.<\/p>\n<p>Pourquoi le groupe Besseling? La r\u00e9ponse est simple: nous mettons \u00e0 votre disposition une technologie \u00e9prouv\u00e9e. Lors des tests, nos produits sont examin\u00e9s et soumis aux circonstances les plus extr\u00eames. D\u2019autre part, nous nous montrons particuli\u00e8rement exigeants \u00e0 l\u2019\u00e9gard de nos produits. Une tradition que nous avons h\u00e9rit\u00e9e de nos pr\u00e9d\u00e9cesseurs, actifs dans le secteur agricole depuis plusieurs g\u00e9n\u00e9rations, et qui ont toujours aspir\u00e9 \u00e0 conserver des produits co\u00fbteux de fa\u00e7on optimale.<\/p>\n<p>Forts de cette expertise, nous sommes en mesure de vous proposer des solutions int\u00e9grales en termes de conservation, combin\u00e9es si n\u00e9cessaire \u00e0 des conseils dans le domaine de la gestion de l\u2019atmosph\u00e8re, du froid et de l\u2019humidit\u00e9. Nos produits de qualit\u00e9 sup\u00e9rieure ont sp\u00e9cialement \u00e9t\u00e9 d\u00e9velopp\u00e9s en vue de conserver vos produits sur la dur\u00e9e, \u00e0 co\u00fbts raisonnables et avec un minimum d\u2019entretien. Autrement dit: nous proposons un programme complet en vue de conserver votre produit, et vos revenus.<\/p>\n<p>Besseling propose un repos en chambre froide et \u00e0 l\u2019ext\u00e9rieur. Et c\u2019est exactement ce que nous entendons par <strong>\u00abl\u2019art de la conservation\u00bb.<\/strong><\/p>\n","protected":false},"excerpt":{"rendered":"<p>Conserver et prot\u00e9ger, voil\u00e0 les deux th\u00e8mes qui rythment les activit\u00e9s quotidiennes de Besseling. Selon leurs besoins, vos produits b\u00e9n\u00e9ficient du soin et de l\u2019attention n\u00e9cessaires \u00e0 un rendement optimal. En tant que sp\u00e9cialistes CA \/ ULO \/ DCA et d\u2019autres techniques de conservation, nous proposons des solutions sur mesure en vue de cr\u00e9er une [&hellip;]<\/p>\n","protected":false},"author":1,"featured_media":1794,"parent":0,"menu_order":3,"comment_status":"open","ping_status":"open","template":"","meta":[],"acf":[],"yoast_head":"<!-- This site is optimized with the Yoast SEO plugin v20.5 - https:\/\/yoast.com\/wordpress\/plugins\/seo\/ -->\n<title>Besseling, l\u2019art de la conservation - Besseling<\/title>\n<meta name=\"robots\" content=\"index, follow, max-snippet:-1, max-image-preview:large, max-video-preview:-1\" \/>\n<link rel=\"canonical\" href=\"https:\/\/besseling-group.com\/fr\/\" \/>\n<meta property=\"og:locale\" content=\"fr_FR\" \/>\n<meta property=\"og:type\" content=\"article\" \/>\n<meta property=\"og:title\" content=\"Besseling, l\u2019art de la conservation - Besseling\" \/>\n<meta property=\"og:description\" content=\"Conserver et prot\u00e9ger, voil\u00e0 les deux th\u00e8mes qui rythment les activit\u00e9s quotidiennes de Besseling. Selon leurs besoins, vos produits b\u00e9n\u00e9ficient du soin et de l\u2019attention n\u00e9cessaires \u00e0 un rendement optimal. En tant que sp\u00e9cialistes CA \/ ULO \/ DCA et d\u2019autres techniques de conservation, nous proposons des solutions sur mesure en vue de cr\u00e9er une [&hellip;]\" \/>\n<meta property=\"og:url\" content=\"https:\/\/besseling-group.com\/fr\/\" \/>\n<meta property=\"og:site_name\" content=\"Besseling\" \/>\n<meta property=\"article:publisher\" content=\"https:\/\/www.facebook.com\/besselingca\" \/>\n<meta property=\"og:image\" content=\"https:\/\/besseling-group.com\/wp-content\/uploads\/2014\/07\/Besseling-Group_CA-01.jpg\" \/>\n\t<meta property=\"og:image:width\" content=\"745\" \/>\n\t<meta property=\"og:image:height\" content=\"295\" \/>\n\t<meta property=\"og:image:type\" content=\"image\/jpeg\" \/>\n<meta name=\"twitter:card\" content=\"summary_large_image\" \/>\n<meta name=\"twitter:site\" content=\"@BesselingGroup\" \/>\n<meta name=\"twitter:label1\" content=\"Dur\u00e9e de lecture estim\u00e9e\" \/>\n\t<meta name=\"twitter:data1\" content=\"1 minute\" \/>\n<script type=\"application\/ld+json\" class=\"yoast-schema-graph\">{\"@context\":\"https:\/\/schema.org\",\"@graph\":[{\"@type\":\"WebPage\",\"@id\":\"https:\/\/besseling-group.com\/fr\/\",\"url\":\"https:\/\/besseling-group.com\/fr\/\",\"name\":\"Besseling, l\u2019art de la conservation - Besseling\",\"isPartOf\":{\"@id\":\"https:\/\/besseling-group.com\/#website\"},\"datePublished\":\"2014-07-21T11:19:05+00:00\",\"dateModified\":\"2014-07-21T11:19:05+00:00\",\"breadcrumb\":{\"@id\":\"https:\/\/besseling-group.com\/fr\/#breadcrumb\"},\"inLanguage\":\"fr-FR\",\"potentialAction\":[{\"@type\":\"ReadAction\",\"target\":[\"https:\/\/besseling-group.com\/fr\/\"]}]},{\"@type\":\"BreadcrumbList\",\"@id\":\"https:\/\/besseling-group.com\/fr\/#breadcrumb\",\"itemListElement\":[{\"@type\":\"ListItem\",\"position\":1,\"name\":\"Home\",\"item\":\"https:\/\/besseling-group.com\/fr\/\"},{\"@type\":\"ListItem\",\"position\":2,\"name\":\"Besseling, l\u2019art de la conservation\"}]},{\"@type\":\"WebSite\",\"@id\":\"https:\/\/besseling-group.com\/#website\",\"url\":\"https:\/\/besseling-group.com\/\",\"name\":\"Besseling\",\"description\":\"The art of storage\",\"potentialAction\":[{\"@type\":\"SearchAction\",\"target\":{\"@type\":\"EntryPoint\",\"urlTemplate\":\"https:\/\/besseling-group.com\/?s={search_term_string}\"},\"query-input\":\"required name=search_term_string\"}],\"inLanguage\":\"fr-FR\"}]}<\/script>\n<!-- \/ Yoast SEO plugin. -->","yoast_head_json":{"title":"Besseling, l\u2019art de la conservation - Besseling","robots":{"index":"index","follow":"follow","max-snippet":"max-snippet:-1","max-image-preview":"max-image-preview:large","max-video-preview":"max-video-preview:-1"},"canonical":"https:\/\/besseling-group.com\/fr\/","og_locale":"fr_FR","og_type":"article","og_title":"Besseling, l\u2019art de la conservation - Besseling","og_description":"Conserver et prot\u00e9ger, voil\u00e0 les deux th\u00e8mes qui rythment les activit\u00e9s quotidiennes de Besseling. Selon leurs besoins, vos produits b\u00e9n\u00e9ficient du soin et de l\u2019attention n\u00e9cessaires \u00e0 un rendement optimal. En tant que sp\u00e9cialistes CA \/ ULO \/ DCA et d\u2019autres techniques de conservation, nous proposons des solutions sur mesure en vue de cr\u00e9er une [&hellip;]","og_url":"https:\/\/besseling-group.com\/fr\/","og_site_name":"Besseling","article_publisher":"https:\/\/www.facebook.com\/besselingca","og_image":[{"width":745,"height":295,"url":"https:\/\/besseling-group.com\/wp-content\/uploads\/2014\/07\/Besseling-Group_CA-01.jpg","type":"image\/jpeg"}],"twitter_card":"summary_large_image","twitter_site":"@BesselingGroup","twitter_misc":{"Dur\u00e9e de lecture estim\u00e9e":"1 minute"},"schema":{"@context":"https:\/\/schema.org","@graph":[{"@type":"WebPage","@id":"https:\/\/besseling-group.com\/fr\/","url":"https:\/\/besseling-group.com\/fr\/","name":"Besseling, l\u2019art de la conservation - Besseling","isPartOf":{"@id":"https:\/\/besseling-group.com\/#website"},"datePublished":"2014-07-21T11:19:05+00:00","dateModified":"2014-07-21T11:19:05+00:00","breadcrumb":{"@id":"https:\/\/besseling-group.com\/fr\/#breadcrumb"},"inLanguage":"fr-FR","potentialAction":[{"@type":"ReadAction","target":["https:\/\/besseling-group.com\/fr\/"]}]},{"@type":"BreadcrumbList","@id":"https:\/\/besseling-group.com\/fr\/#breadcrumb","itemListElement":[{"@type":"ListItem","position":1,"name":"Home","item":"https:\/\/besseling-group.com\/fr\/"},{"@type":"ListItem","position":2,"name":"Besseling, l\u2019art de la conservation"}]},{"@type":"WebSite","@id":"https:\/\/besseling-group.com\/#website","url":"https:\/\/besseling-group.com\/","name":"Besseling","description":"The art of storage","potentialAction":[{"@type":"SearchAction","target":{"@type":"EntryPoint","urlTemplate":"https:\/\/besseling-group.com\/?s={search_term_string}"},"query-input":"required name=search_term_string"}],"inLanguage":"fr-FR"}]}},"_links":{"self":[{"href":"https:\/\/besseling-group.com\/fr\/wp-json\/wp\/v2\/pages\/1443"}],"collection":[{"href":"https:\/\/besseling-group.com\/fr\/wp-json\/wp\/v2\/pages"}],"about":[{"href":"https:\/\/besseling-group.com\/fr\/wp-json\/wp\/v2\/types\/page"}],"author":[{"embeddable":true,"href":"https:\/\/besseling-group.com\/fr\/wp-json\/wp\/v2\/users\/1"}],"replies":[{"embeddable":true,"href":"https:\/\/besseling-group.com\/fr\/wp-json\/wp\/v2\/comments?post=1443"}],"version-history":[{"count":0,"href":"https:\/\/besseling-group.com\/fr\/wp-json\/wp\/v2\/pages\/1443\/revisions"}],"wp:featuredmedia":[{"embeddable":true,"href":"https:\/\/besseling-group.com\/fr\/wp-json\/wp\/v2\/media\/1794"}],"wp:attachment":[{"href":"https:\/\/besseling-group.com\/fr\/wp-json\/wp\/v2\/media?parent=1443"}],"curies":[{"name":"wp","href":"https:\/\/api.w.org\/{rel}","templated":true}]}}