{"id":1467,"date":"2014-08-06T10:00:29","date_gmt":"2014-08-06T09:00:29","guid":{"rendered":"http:\/\/www.besseling-group.com\/salons\/"},"modified":"2014-08-06T10:00:29","modified_gmt":"2014-08-06T09:00:29","slug":"salons","status":"publish","type":"page","link":"https:\/\/besseling-group.com\/fr\/salons\/","title":{"rendered":"Salons"},"content":{"rendered":"<p>Besseling tient \u00e0 informer autant que possible ses relations et les parties int\u00e9ress\u00e9es de ses produits et services. Nous serons pr\u00e9sents aux salons cit\u00e9s ci-dessous, ou y seront pr\u00e9sents certains jours \u00e0 certaines heures. <\/p>\n<p>Si vous souhaitez nous rencontrer \u00e0 l\u2019occasion d\u2019un de ces salons, nous vous prions de bien vouloir nous <a href=\"http:\/\/besseling-group.com\/fr\/information\/information-request\/\">contacter<\/a> pour prendre rendez-vous. <\/p>\n","protected":false},"excerpt":{"rendered":"<p>Besseling tient \u00e0 informer autant que possible ses relations et les parties int\u00e9ress\u00e9es de ses produits et services. Nous serons pr\u00e9sents aux salons cit\u00e9s ci-dessous, ou y seront pr\u00e9sents certains jours \u00e0 certaines heures. Si vous souhaitez nous rencontrer \u00e0 l\u2019occasion d\u2019un de ces salons, nous vous prions de bien vouloir nous contacter pour prendre [&hellip;]<\/p>\n","protected":false},"author":1,"featured_media":0,"parent":0,"menu_order":0,"comment_status":"open","ping_status":"open","template":"","meta":[],"acf":[],"yoast_head":"<!-- This site is optimized with the Yoast SEO plugin v20.5 - https:\/\/yoast.com\/wordpress\/plugins\/seo\/ -->\n<title>Salons - Besseling<\/title>\n<meta name=\"robots\" content=\"index, follow, max-snippet:-1, max-image-preview:large, max-video-preview:-1\" \/>\n<link rel=\"canonical\" href=\"https:\/\/besseling-group.com\/fr\/salons\/\" \/>\n<meta property=\"og:locale\" content=\"fr_FR\" \/>\n<meta property=\"og:type\" content=\"article\" \/>\n<meta property=\"og:title\" content=\"Salons - Besseling\" \/>\n<meta property=\"og:description\" content=\"Besseling tient \u00e0 informer autant que possible ses relations et les parties int\u00e9ress\u00e9es de ses produits et services. Nous serons pr\u00e9sents aux salons cit\u00e9s ci-dessous, ou y seront pr\u00e9sents certains jours \u00e0 certaines heures. Si vous souhaitez nous rencontrer \u00e0 l\u2019occasion d\u2019un de ces salons, nous vous prions de bien vouloir nous contacter pour prendre [&hellip;]\" \/>\n<meta property=\"og:url\" content=\"https:\/\/besseling-group.com\/fr\/salons\/\" \/>\n<meta property=\"og:site_name\" content=\"Besseling\" \/>\n<meta property=\"article:publisher\" content=\"https:\/\/www.facebook.com\/besselingca\" \/>\n<meta name=\"twitter:card\" content=\"summary_large_image\" \/>\n<meta name=\"twitter:site\" content=\"@BesselingGroup\" \/>\n<script type=\"application\/ld+json\" class=\"yoast-schema-graph\">{\"@context\":\"https:\/\/schema.org\",\"@graph\":[{\"@type\":\"WebPage\",\"@id\":\"https:\/\/besseling-group.com\/fr\/salons\/\",\"url\":\"https:\/\/besseling-group.com\/fr\/salons\/\",\"name\":\"Salons - Besseling\",\"isPartOf\":{\"@id\":\"https:\/\/besseling-group.com\/#website\"},\"datePublished\":\"2014-08-06T09:00:29+00:00\",\"dateModified\":\"2014-08-06T09:00:29+00:00\",\"breadcrumb\":{\"@id\":\"https:\/\/besseling-group.com\/fr\/salons\/#breadcrumb\"},\"inLanguage\":\"fr-FR\",\"potentialAction\":[{\"@type\":\"ReadAction\",\"target\":[\"https:\/\/besseling-group.com\/fr\/salons\/\"]}]},{\"@type\":\"BreadcrumbList\",\"@id\":\"https:\/\/besseling-group.com\/fr\/salons\/#breadcrumb\",\"itemListElement\":[{\"@type\":\"ListItem\",\"position\":1,\"name\":\"Home\",\"item\":\"https:\/\/besseling-group.com\/fr\/\"},{\"@type\":\"ListItem\",\"position\":2,\"name\":\"Salons\"}]},{\"@type\":\"WebSite\",\"@id\":\"https:\/\/besseling-group.com\/#website\",\"url\":\"https:\/\/besseling-group.com\/\",\"name\":\"Besseling\",\"description\":\"The art of storage\",\"potentialAction\":[{\"@type\":\"SearchAction\",\"target\":{\"@type\":\"EntryPoint\",\"urlTemplate\":\"https:\/\/besseling-group.com\/?s={search_term_string}\"},\"query-input\":\"required name=search_term_string\"}],\"inLanguage\":\"fr-FR\"}]}<\/script>\n<!-- \/ Yoast SEO plugin. -->","yoast_head_json":{"title":"Salons - Besseling","robots":{"index":"index","follow":"follow","max-snippet":"max-snippet:-1","max-image-preview":"max-image-preview:large","max-video-preview":"max-video-preview:-1"},"canonical":"https:\/\/besseling-group.com\/fr\/salons\/","og_locale":"fr_FR","og_type":"article","og_title":"Salons - Besseling","og_description":"Besseling tient \u00e0 informer autant que possible ses relations et les parties int\u00e9ress\u00e9es de ses produits et services. Nous serons pr\u00e9sents aux salons cit\u00e9s ci-dessous, ou y seront pr\u00e9sents certains jours \u00e0 certaines heures. Si vous souhaitez nous rencontrer \u00e0 l\u2019occasion d\u2019un de ces salons, nous vous prions de bien vouloir nous contacter pour prendre [&hellip;]","og_url":"https:\/\/besseling-group.com\/fr\/salons\/","og_site_name":"Besseling","article_publisher":"https:\/\/www.facebook.com\/besselingca","twitter_card":"summary_large_image","twitter_site":"@BesselingGroup","schema":{"@context":"https:\/\/schema.org","@graph":[{"@type":"WebPage","@id":"https:\/\/besseling-group.com\/fr\/salons\/","url":"https:\/\/besseling-group.com\/fr\/salons\/","name":"Salons - Besseling","isPartOf":{"@id":"https:\/\/besseling-group.com\/#website"},"datePublished":"2014-08-06T09:00:29+00:00","dateModified":"2014-08-06T09:00:29+00:00","breadcrumb":{"@id":"https:\/\/besseling-group.com\/fr\/salons\/#breadcrumb"},"inLanguage":"fr-FR","potentialAction":[{"@type":"ReadAction","target":["https:\/\/besseling-group.com\/fr\/salons\/"]}]},{"@type":"BreadcrumbList","@id":"https:\/\/besseling-group.com\/fr\/salons\/#breadcrumb","itemListElement":[{"@type":"ListItem","position":1,"name":"Home","item":"https:\/\/besseling-group.com\/fr\/"},{"@type":"ListItem","position":2,"name":"Salons"}]},{"@type":"WebSite","@id":"https:\/\/besseling-group.com\/#website","url":"https:\/\/besseling-group.com\/","name":"Besseling","description":"The art of storage","potentialAction":[{"@type":"SearchAction","target":{"@type":"EntryPoint","urlTemplate":"https:\/\/besseling-group.com\/?s={search_term_string}"},"query-input":"required name=search_term_string"}],"inLanguage":"fr-FR"}]}},"_links":{"self":[{"href":"https:\/\/besseling-group.com\/fr\/wp-json\/wp\/v2\/pages\/1467"}],"collection":[{"href":"https:\/\/besseling-group.com\/fr\/wp-json\/wp\/v2\/pages"}],"about":[{"href":"https:\/\/besseling-group.com\/fr\/wp-json\/wp\/v2\/types\/page"}],"author":[{"embeddable":true,"href":"https:\/\/besseling-group.com\/fr\/wp-json\/wp\/v2\/users\/1"}],"replies":[{"embeddable":true,"href":"https:\/\/besseling-group.com\/fr\/wp-json\/wp\/v2\/comments?post=1467"}],"version-history":[{"count":0,"href":"https:\/\/besseling-group.com\/fr\/wp-json\/wp\/v2\/pages\/1467\/revisions"}],"wp:attachment":[{"href":"https:\/\/besseling-group.com\/fr\/wp-json\/wp\/v2\/media?parent=1467"}],"curies":[{"name":"wp","href":"https:\/\/api.w.org\/{rel}","templated":true}]}}