{"id":1440,"date":"2014-07-21T12:19:05","date_gmt":"2014-07-21T11:19:05","guid":{"rendered":"http:\/\/www.besseling-group.com\/besseling-sztuka-przechowywania\/"},"modified":"2014-07-21T12:19:05","modified_gmt":"2014-07-21T11:19:05","slug":"besseling-sztuka-przechowywania","status":"publish","type":"page","link":"https:\/\/besseling-group.com\/pl\/","title":{"rendered":"Besseling, sztuka przechowywania"},"content":{"rendered":"<p><strong>Przechowywanie i ochrona<\/strong>, dwa s\u0142owa, kt\u00f3re s\u0105 kluczem okre\u015blaj\u0105cym zakres aktywno\u015bci firmy Besseling: dajemy twoim produktom dok\u0142adnie tak\u0105 ochron\u0119 i opiek\u0119 jakiej potrzebuj\u0105 aby\u015b m\u00f3g\u0142 utrzyma\u0107 do ko\u0144ca najwy\u017csz\u0105 jako\u015b\u0107. Jako specjali\u015bci w technologiach KA, ULO, DCA i innych podobnych, oferujemy odpowiednie rozwi\u0105zania do stworzenia w\u0142a\u015bciwej atmosfery ochronnej w przechowalni.<\/p>\n<p>Dlaczego Besseling Group? Odpowied\u017a jest prosta: sprawdzona technologia. Nasze produkty s\u0105 sprawdzane i testowane w ekstremalnych warunkach. Stawiamy naszym urz\u0105dzeniom najbardziej rygorystyczne wymagania. To nic dziwnego poniewa\u017c za\u0142o\u017cyciele firmy s\u0105 obecni w sektorze agrarnym od pokole\u0144 i zawsze byli nastawieni na poszukiwanie najlepszych sposob\u00f3w przechowywania Pa\u0144stwa cennych produkt\u00f3w.<\/p>\n<p>Dzi\u0119ki naszej wiedzy, jeste\u015bmy w stanie zaoferowa\u0107 Pa\u0144stwu zintegrowane rozwi\u0105zania dla wszystkich potrzeb przechowywania i w razie potrzeby, porady na temat wielu aspekt\u00f3w kontroli atmosfery, ch\u0142odu i wilgotno\u015bci. Nasze wysokiej jako\u015bci produkty zosta\u0142y zaprojektowane specjalnie do przechowywania produkt\u00f3w &#8211; d\u0142ugoterminowo, tanio, solidnie i przy minimum konserwacji. W skr\u00f3cie jest to kompletny program ochrony Pa\u0144stwa produkt\u00f3w (i dochodu).<\/p>\n<p>Besseling oferuje Ci spok\u00f3j, w ch\u0142odni i poza ni\u0105. i to jest dok\u0142adnie to, co rozumiemy przez <strong>&#8222;sztuk\u0119 przechowywania&#8221;<\/strong>.<\/p>\n","protected":false},"excerpt":{"rendered":"<p>Przechowywanie i ochrona, dwa s\u0142owa, kt\u00f3re s\u0105 kluczem okre\u015blaj\u0105cym zakres aktywno\u015bci firmy Besseling: dajemy twoim produktom dok\u0142adnie tak\u0105 ochron\u0119 i opiek\u0119 jakiej potrzebuj\u0105 aby\u015b m\u00f3g\u0142 utrzyma\u0107 do ko\u0144ca najwy\u017csz\u0105 jako\u015b\u0107. Jako specjali\u015bci w technologiach KA, ULO, DCA i innych podobnych, oferujemy odpowiednie rozwi\u0105zania do stworzenia w\u0142a\u015bciwej atmosfery ochronnej w przechowalni. Dlaczego Besseling Group? Odpowied\u017a jest [&hellip;]<\/p>\n","protected":false},"author":1,"featured_media":1796,"parent":0,"menu_order":3,"comment_status":"open","ping_status":"open","template":"","meta":[],"acf":[],"yoast_head":"<!-- This site is optimized with the Yoast SEO plugin v20.5 - https:\/\/yoast.com\/wordpress\/plugins\/seo\/ -->\n<title>Besseling, sztuka przechowywania - Besseling<\/title>\n<meta name=\"robots\" content=\"index, follow, max-snippet:-1, max-image-preview:large, max-video-preview:-1\" \/>\n<link rel=\"canonical\" href=\"https:\/\/besseling-group.com\/pl\/\" \/>\n<meta property=\"og:locale\" content=\"pl_PL\" \/>\n<meta property=\"og:type\" content=\"article\" \/>\n<meta property=\"og:title\" content=\"Besseling, sztuka przechowywania - Besseling\" \/>\n<meta property=\"og:description\" content=\"Przechowywanie i ochrona, dwa s\u0142owa, kt\u00f3re s\u0105 kluczem okre\u015blaj\u0105cym zakres aktywno\u015bci firmy Besseling: dajemy twoim produktom dok\u0142adnie tak\u0105 ochron\u0119 i opiek\u0119 jakiej potrzebuj\u0105 aby\u015b m\u00f3g\u0142 utrzyma\u0107 do ko\u0144ca najwy\u017csz\u0105 jako\u015b\u0107. Jako specjali\u015bci w technologiach KA, ULO, DCA i innych podobnych, oferujemy odpowiednie rozwi\u0105zania do stworzenia w\u0142a\u015bciwej atmosfery ochronnej w przechowalni. Dlaczego Besseling Group? Odpowied\u017a jest [&hellip;]\" \/>\n<meta property=\"og:url\" content=\"https:\/\/besseling-group.com\/pl\/\" \/>\n<meta property=\"og:site_name\" content=\"Besseling\" \/>\n<meta property=\"article:publisher\" content=\"https:\/\/www.facebook.com\/besselingca\" \/>\n<meta property=\"og:image\" content=\"https:\/\/besseling-group.com\/wp-content\/uploads\/2014\/07\/Besseling-Group_CA-01.jpg\" \/>\n\t<meta property=\"og:image:width\" content=\"745\" \/>\n\t<meta property=\"og:image:height\" content=\"295\" \/>\n\t<meta property=\"og:image:type\" content=\"image\/jpeg\" \/>\n<meta name=\"twitter:card\" content=\"summary_large_image\" \/>\n<meta name=\"twitter:site\" content=\"@BesselingGroup\" \/>\n<meta name=\"twitter:label1\" content=\"Szacowany czas czytania\" \/>\n\t<meta name=\"twitter:data1\" content=\"1 minuta\" \/>\n<script type=\"application\/ld+json\" class=\"yoast-schema-graph\">{\"@context\":\"https:\/\/schema.org\",\"@graph\":[{\"@type\":\"WebPage\",\"@id\":\"https:\/\/besseling-group.com\/pl\/\",\"url\":\"https:\/\/besseling-group.com\/pl\/\",\"name\":\"Besseling, sztuka przechowywania - Besseling\",\"isPartOf\":{\"@id\":\"https:\/\/besseling-group.com\/#website\"},\"datePublished\":\"2014-07-21T11:19:05+00:00\",\"dateModified\":\"2014-07-21T11:19:05+00:00\",\"breadcrumb\":{\"@id\":\"https:\/\/besseling-group.com\/pl\/#breadcrumb\"},\"inLanguage\":\"pl-PL\",\"potentialAction\":[{\"@type\":\"ReadAction\",\"target\":[\"https:\/\/besseling-group.com\/pl\/\"]}]},{\"@type\":\"BreadcrumbList\",\"@id\":\"https:\/\/besseling-group.com\/pl\/#breadcrumb\",\"itemListElement\":[{\"@type\":\"ListItem\",\"position\":1,\"name\":\"Home\",\"item\":\"https:\/\/besseling-group.com\/pl\/\"},{\"@type\":\"ListItem\",\"position\":2,\"name\":\"Besseling, sztuka przechowywania\"}]},{\"@type\":\"WebSite\",\"@id\":\"https:\/\/besseling-group.com\/#website\",\"url\":\"https:\/\/besseling-group.com\/\",\"name\":\"Besseling\",\"description\":\"The art of storage\",\"potentialAction\":[{\"@type\":\"SearchAction\",\"target\":{\"@type\":\"EntryPoint\",\"urlTemplate\":\"https:\/\/besseling-group.com\/?s={search_term_string}\"},\"query-input\":\"required name=search_term_string\"}],\"inLanguage\":\"pl-PL\"}]}<\/script>\n<!-- \/ Yoast SEO plugin. -->","yoast_head_json":{"title":"Besseling, sztuka przechowywania - Besseling","robots":{"index":"index","follow":"follow","max-snippet":"max-snippet:-1","max-image-preview":"max-image-preview:large","max-video-preview":"max-video-preview:-1"},"canonical":"https:\/\/besseling-group.com\/pl\/","og_locale":"pl_PL","og_type":"article","og_title":"Besseling, sztuka przechowywania - Besseling","og_description":"Przechowywanie i ochrona, dwa s\u0142owa, kt\u00f3re s\u0105 kluczem okre\u015blaj\u0105cym zakres aktywno\u015bci firmy Besseling: dajemy twoim produktom dok\u0142adnie tak\u0105 ochron\u0119 i opiek\u0119 jakiej potrzebuj\u0105 aby\u015b m\u00f3g\u0142 utrzyma\u0107 do ko\u0144ca najwy\u017csz\u0105 jako\u015b\u0107. Jako specjali\u015bci w technologiach KA, ULO, DCA i innych podobnych, oferujemy odpowiednie rozwi\u0105zania do stworzenia w\u0142a\u015bciwej atmosfery ochronnej w przechowalni. Dlaczego Besseling Group? Odpowied\u017a jest [&hellip;]","og_url":"https:\/\/besseling-group.com\/pl\/","og_site_name":"Besseling","article_publisher":"https:\/\/www.facebook.com\/besselingca","og_image":[{"width":745,"height":295,"url":"https:\/\/besseling-group.com\/wp-content\/uploads\/2014\/07\/Besseling-Group_CA-01.jpg","type":"image\/jpeg"}],"twitter_card":"summary_large_image","twitter_site":"@BesselingGroup","twitter_misc":{"Szacowany czas czytania":"1 minuta"},"schema":{"@context":"https:\/\/schema.org","@graph":[{"@type":"WebPage","@id":"https:\/\/besseling-group.com\/pl\/","url":"https:\/\/besseling-group.com\/pl\/","name":"Besseling, sztuka przechowywania - Besseling","isPartOf":{"@id":"https:\/\/besseling-group.com\/#website"},"datePublished":"2014-07-21T11:19:05+00:00","dateModified":"2014-07-21T11:19:05+00:00","breadcrumb":{"@id":"https:\/\/besseling-group.com\/pl\/#breadcrumb"},"inLanguage":"pl-PL","potentialAction":[{"@type":"ReadAction","target":["https:\/\/besseling-group.com\/pl\/"]}]},{"@type":"BreadcrumbList","@id":"https:\/\/besseling-group.com\/pl\/#breadcrumb","itemListElement":[{"@type":"ListItem","position":1,"name":"Home","item":"https:\/\/besseling-group.com\/pl\/"},{"@type":"ListItem","position":2,"name":"Besseling, sztuka przechowywania"}]},{"@type":"WebSite","@id":"https:\/\/besseling-group.com\/#website","url":"https:\/\/besseling-group.com\/","name":"Besseling","description":"The art of storage","potentialAction":[{"@type":"SearchAction","target":{"@type":"EntryPoint","urlTemplate":"https:\/\/besseling-group.com\/?s={search_term_string}"},"query-input":"required name=search_term_string"}],"inLanguage":"pl-PL"}]}},"_links":{"self":[{"href":"https:\/\/besseling-group.com\/pl\/wp-json\/wp\/v2\/pages\/1440"}],"collection":[{"href":"https:\/\/besseling-group.com\/pl\/wp-json\/wp\/v2\/pages"}],"about":[{"href":"https:\/\/besseling-group.com\/pl\/wp-json\/wp\/v2\/types\/page"}],"author":[{"embeddable":true,"href":"https:\/\/besseling-group.com\/pl\/wp-json\/wp\/v2\/users\/1"}],"replies":[{"embeddable":true,"href":"https:\/\/besseling-group.com\/pl\/wp-json\/wp\/v2\/comments?post=1440"}],"version-history":[{"count":0,"href":"https:\/\/besseling-group.com\/pl\/wp-json\/wp\/v2\/pages\/1440\/revisions"}],"wp:featuredmedia":[{"embeddable":true,"href":"https:\/\/besseling-group.com\/pl\/wp-json\/wp\/v2\/media\/1796"}],"wp:attachment":[{"href":"https:\/\/besseling-group.com\/pl\/wp-json\/wp\/v2\/media?parent=1440"}],"curies":[{"name":"wp","href":"https:\/\/api.w.org\/{rel}","templated":true}]}}