{"id":1464,"date":"2014-08-06T10:00:29","date_gmt":"2014-08-06T09:00:29","guid":{"rendered":"http:\/\/www.besseling-group.com\/targi\/"},"modified":"2014-08-06T10:00:29","modified_gmt":"2014-08-06T09:00:29","slug":"targi","status":"publish","type":"page","link":"https:\/\/besseling-group.com\/pl\/targi\/","title":{"rendered":"Targi"},"content":{"rendered":"<p>Besseling stara si\u0119 na bie\u017c\u0105co informowa\u0107 obecnych i potencjalnych klient\u00f3w o swoich produktach i oferowanych us\u0142ugach. Mamy stoiska lub jeste\u015bmy obecni w wybrane dni na targach i wystawach wymienionych poni\u017cej.<\/p>\n<p>Je\u015bli chcia\u0142by\u015b nam z\u0142o\u017cy\u0107 wizyt\u0119 lub spotka\u0107 si\u0119 z nami w czasie kt\u00f3rej\u015b z tych imprez prosimy o <a href=\"http:\/\/besseling-group.com\/pl\/information\/information-request\/\" title=\"Informatie aanvragen\">kontakt <\/a>w celu um\u00f3wienia spotkania.<\/p>\n","protected":false},"excerpt":{"rendered":"<p>Besseling stara si\u0119 na bie\u017c\u0105co informowa\u0107 obecnych i potencjalnych klient\u00f3w o swoich produktach i oferowanych us\u0142ugach. Mamy stoiska lub jeste\u015bmy obecni w wybrane dni na targach i wystawach wymienionych poni\u017cej. Je\u015bli chcia\u0142by\u015b nam z\u0142o\u017cy\u0107 wizyt\u0119 lub spotka\u0107 si\u0119 z nami w czasie kt\u00f3rej\u015b z tych imprez prosimy o kontakt w celu um\u00f3wienia spotkania.<\/p>\n","protected":false},"author":1,"featured_media":0,"parent":0,"menu_order":0,"comment_status":"open","ping_status":"open","template":"","meta":[],"acf":[],"yoast_head":"<!-- This site is optimized with the Yoast SEO plugin v20.5 - https:\/\/yoast.com\/wordpress\/plugins\/seo\/ -->\n<title>Targi - Besseling<\/title>\n<meta name=\"robots\" content=\"index, follow, max-snippet:-1, max-image-preview:large, max-video-preview:-1\" \/>\n<link rel=\"canonical\" href=\"https:\/\/besseling-group.com\/pl\/targi\/\" \/>\n<meta property=\"og:locale\" content=\"pl_PL\" \/>\n<meta property=\"og:type\" content=\"article\" \/>\n<meta property=\"og:title\" content=\"Targi - Besseling\" \/>\n<meta property=\"og:description\" content=\"Besseling stara si\u0119 na bie\u017c\u0105co informowa\u0107 obecnych i potencjalnych klient\u00f3w o swoich produktach i oferowanych us\u0142ugach. Mamy stoiska lub jeste\u015bmy obecni w wybrane dni na targach i wystawach wymienionych poni\u017cej. Je\u015bli chcia\u0142by\u015b nam z\u0142o\u017cy\u0107 wizyt\u0119 lub spotka\u0107 si\u0119 z nami w czasie kt\u00f3rej\u015b z tych imprez prosimy o kontakt w celu um\u00f3wienia spotkania.\" \/>\n<meta property=\"og:url\" content=\"https:\/\/besseling-group.com\/pl\/targi\/\" \/>\n<meta property=\"og:site_name\" content=\"Besseling\" \/>\n<meta property=\"article:publisher\" content=\"https:\/\/www.facebook.com\/besselingca\" \/>\n<meta name=\"twitter:card\" content=\"summary_large_image\" \/>\n<meta name=\"twitter:site\" content=\"@BesselingGroup\" \/>\n<script type=\"application\/ld+json\" class=\"yoast-schema-graph\">{\"@context\":\"https:\/\/schema.org\",\"@graph\":[{\"@type\":\"WebPage\",\"@id\":\"https:\/\/besseling-group.com\/pl\/targi\/\",\"url\":\"https:\/\/besseling-group.com\/pl\/targi\/\",\"name\":\"Targi - Besseling\",\"isPartOf\":{\"@id\":\"https:\/\/besseling-group.com\/#website\"},\"datePublished\":\"2014-08-06T09:00:29+00:00\",\"dateModified\":\"2014-08-06T09:00:29+00:00\",\"breadcrumb\":{\"@id\":\"https:\/\/besseling-group.com\/pl\/targi\/#breadcrumb\"},\"inLanguage\":\"pl-PL\",\"potentialAction\":[{\"@type\":\"ReadAction\",\"target\":[\"https:\/\/besseling-group.com\/pl\/targi\/\"]}]},{\"@type\":\"BreadcrumbList\",\"@id\":\"https:\/\/besseling-group.com\/pl\/targi\/#breadcrumb\",\"itemListElement\":[{\"@type\":\"ListItem\",\"position\":1,\"name\":\"Home\",\"item\":\"https:\/\/besseling-group.com\/pl\/\"},{\"@type\":\"ListItem\",\"position\":2,\"name\":\"Targi\"}]},{\"@type\":\"WebSite\",\"@id\":\"https:\/\/besseling-group.com\/#website\",\"url\":\"https:\/\/besseling-group.com\/\",\"name\":\"Besseling\",\"description\":\"The art of storage\",\"potentialAction\":[{\"@type\":\"SearchAction\",\"target\":{\"@type\":\"EntryPoint\",\"urlTemplate\":\"https:\/\/besseling-group.com\/?s={search_term_string}\"},\"query-input\":\"required name=search_term_string\"}],\"inLanguage\":\"pl-PL\"}]}<\/script>\n<!-- \/ Yoast SEO plugin. -->","yoast_head_json":{"title":"Targi - Besseling","robots":{"index":"index","follow":"follow","max-snippet":"max-snippet:-1","max-image-preview":"max-image-preview:large","max-video-preview":"max-video-preview:-1"},"canonical":"https:\/\/besseling-group.com\/pl\/targi\/","og_locale":"pl_PL","og_type":"article","og_title":"Targi - Besseling","og_description":"Besseling stara si\u0119 na bie\u017c\u0105co informowa\u0107 obecnych i potencjalnych klient\u00f3w o swoich produktach i oferowanych us\u0142ugach. Mamy stoiska lub jeste\u015bmy obecni w wybrane dni na targach i wystawach wymienionych poni\u017cej. Je\u015bli chcia\u0142by\u015b nam z\u0142o\u017cy\u0107 wizyt\u0119 lub spotka\u0107 si\u0119 z nami w czasie kt\u00f3rej\u015b z tych imprez prosimy o kontakt w celu um\u00f3wienia spotkania.","og_url":"https:\/\/besseling-group.com\/pl\/targi\/","og_site_name":"Besseling","article_publisher":"https:\/\/www.facebook.com\/besselingca","twitter_card":"summary_large_image","twitter_site":"@BesselingGroup","schema":{"@context":"https:\/\/schema.org","@graph":[{"@type":"WebPage","@id":"https:\/\/besseling-group.com\/pl\/targi\/","url":"https:\/\/besseling-group.com\/pl\/targi\/","name":"Targi - Besseling","isPartOf":{"@id":"https:\/\/besseling-group.com\/#website"},"datePublished":"2014-08-06T09:00:29+00:00","dateModified":"2014-08-06T09:00:29+00:00","breadcrumb":{"@id":"https:\/\/besseling-group.com\/pl\/targi\/#breadcrumb"},"inLanguage":"pl-PL","potentialAction":[{"@type":"ReadAction","target":["https:\/\/besseling-group.com\/pl\/targi\/"]}]},{"@type":"BreadcrumbList","@id":"https:\/\/besseling-group.com\/pl\/targi\/#breadcrumb","itemListElement":[{"@type":"ListItem","position":1,"name":"Home","item":"https:\/\/besseling-group.com\/pl\/"},{"@type":"ListItem","position":2,"name":"Targi"}]},{"@type":"WebSite","@id":"https:\/\/besseling-group.com\/#website","url":"https:\/\/besseling-group.com\/","name":"Besseling","description":"The art of storage","potentialAction":[{"@type":"SearchAction","target":{"@type":"EntryPoint","urlTemplate":"https:\/\/besseling-group.com\/?s={search_term_string}"},"query-input":"required name=search_term_string"}],"inLanguage":"pl-PL"}]}},"_links":{"self":[{"href":"https:\/\/besseling-group.com\/pl\/wp-json\/wp\/v2\/pages\/1464"}],"collection":[{"href":"https:\/\/besseling-group.com\/pl\/wp-json\/wp\/v2\/pages"}],"about":[{"href":"https:\/\/besseling-group.com\/pl\/wp-json\/wp\/v2\/types\/page"}],"author":[{"embeddable":true,"href":"https:\/\/besseling-group.com\/pl\/wp-json\/wp\/v2\/users\/1"}],"replies":[{"embeddable":true,"href":"https:\/\/besseling-group.com\/pl\/wp-json\/wp\/v2\/comments?post=1464"}],"version-history":[{"count":0,"href":"https:\/\/besseling-group.com\/pl\/wp-json\/wp\/v2\/pages\/1464\/revisions"}],"wp:attachment":[{"href":"https:\/\/besseling-group.com\/pl\/wp-json\/wp\/v2\/media?parent=1464"}],"curies":[{"name":"wp","href":"https:\/\/api.w.org\/{rel}","templated":true}]}}