{"id":1686,"date":"2019-01-11T16:34:48","date_gmt":"2019-01-11T14:34:48","guid":{"rendered":"http:\/\/www.besseling-group.com\/?page_id=1686"},"modified":"2019-02-01T16:11:40","modified_gmt":"2019-02-01T14:11:40","slug":"besseling-the-art-of-storage","status":"publish","type":"page","link":"https:\/\/besseling-group.com\/pt-pt\/","title":{"rendered":"Besseling, a Arte de Conservar"},"content":{"rendered":"<p><strong>Conservar e proteger,<\/strong> estas duas palavras significam tudo o que n\u00f3s fizemos: Dar aos seus produtos os cuidados e aten\u00e7\u00e3o que eles precisam a fim de atingir o m\u00e1ximo retorno financeiro. Como especialista em AC \/ ULO \/ DCA e outras tecnologias de armazenagem, oferecemos solu\u00e7\u00f5es personalizadas a fim de criar um ambiente com uma atmosfera ideal para o tipo de produto armazenado. <\/p>\n<p>Porque Besseling Group? A resposta e simples: Tecnologia Comprovada. Nossos produtos s\u00e3o testados sob condi\u00e7\u00f5es extremas a fim de se obter os melhores resultados quanto a qualidade e precis\u00e3o. <\/p>\n<p>Isto n\u00e3o \u00e9 de se surpreender, pois nossos fundadores foram do setor agr\u00e1rio e assim transferiram seus conhecimentos para seus sucessores fazendo com que sempre houvesse uma busca pelas melhores tecnologias quanto a arte de conservar e armazenar produtos, visando manter suas carater\u00edsticas iniciais. Isto se repete de gera\u00e7\u00e3o em gera\u00e7\u00e3o.<\/p>\n<p>Gra\u00e7as a nossa experi\u00eancia podemos oferecer solu\u00e7\u00f5es completas para todas as necessidades de armazenamento e tamb\u00e9m consultorias quanto a projeto frigorifico ao qual envolvem atmosfera controlada, temperatura de conserva\u00e7\u00e3o, umidade relativa, ventila\u00e7\u00e3o, etc. Nossos equipamentos foram especialmente desenvolvidos para conservar vossos produtos a longo prazo de uma forma confi\u00e1vel com o m\u00ednimo de manuten\u00e7\u00e3o. Por tanto a Besseling oferece um sistema completo para se ter um produto com um longo tempo de vida mantendo suas caracter\u00edsticas iniciais.  Para n\u00f3s este e o conceito da <strong>\u201cArte de Conservar\u201d<\/strong>.<\/p>\n","protected":false},"excerpt":{"rendered":"<p>Conservar e proteger, estas duas palavras significam tudo o que n\u00f3s fizemos: Dar aos seus produtos os cuidados e aten\u00e7\u00e3o que eles precisam a fim de atingir o m\u00e1ximo retorno financeiro. Como especialista em AC \/ ULO \/ DCA e outras tecnologias de armazenagem, oferecemos solu\u00e7\u00f5es personalizadas a fim de criar um ambiente com uma [&hellip;]<\/p>\n","protected":false},"author":6,"featured_media":1688,"parent":0,"menu_order":3,"comment_status":"open","ping_status":"open","template":"","meta":[],"acf":[],"yoast_head":"<!-- This site is optimized with the Yoast SEO plugin v20.5 - https:\/\/yoast.com\/wordpress\/plugins\/seo\/ -->\n<title>Besseling, a Arte de Conservar - Besseling<\/title>\n<meta name=\"robots\" content=\"index, follow, max-snippet:-1, max-image-preview:large, max-video-preview:-1\" \/>\n<link rel=\"canonical\" href=\"https:\/\/besseling-group.com\/pt-pt\/\" \/>\n<meta property=\"og:locale\" content=\"pt_PT\" \/>\n<meta property=\"og:type\" content=\"article\" \/>\n<meta property=\"og:title\" content=\"Besseling, a Arte de Conservar - Besseling\" \/>\n<meta property=\"og:description\" content=\"Conservar e proteger, estas duas palavras significam tudo o que n\u00f3s fizemos: Dar aos seus produtos os cuidados e aten\u00e7\u00e3o que eles precisam a fim de atingir o m\u00e1ximo retorno financeiro. Como especialista em AC \/ ULO \/ DCA e outras tecnologias de armazenagem, oferecemos solu\u00e7\u00f5es personalizadas a fim de criar um ambiente com uma [&hellip;]\" \/>\n<meta property=\"og:url\" content=\"https:\/\/besseling-group.com\/pt-pt\/\" \/>\n<meta property=\"og:site_name\" content=\"Besseling\" \/>\n<meta property=\"article:publisher\" content=\"https:\/\/www.facebook.com\/besselingca\" \/>\n<meta property=\"article:modified_time\" content=\"2019-02-01T14:11:40+00:00\" \/>\n<meta property=\"og:image\" content=\"https:\/\/besseling-group.com\/wp-content\/uploads\/2014\/07\/Besseling-Group_CA-01.jpg\" \/>\n\t<meta property=\"og:image:width\" content=\"745\" \/>\n\t<meta property=\"og:image:height\" content=\"295\" \/>\n\t<meta property=\"og:image:type\" content=\"image\/jpeg\" \/>\n<meta name=\"twitter:card\" content=\"summary_large_image\" \/>\n<meta name=\"twitter:site\" content=\"@BesselingGroup\" \/>\n<meta name=\"twitter:label1\" content=\"Est. reading time\" \/>\n\t<meta name=\"twitter:data1\" content=\"1 minute\" \/>\n<script type=\"application\/ld+json\" class=\"yoast-schema-graph\">{\"@context\":\"https:\/\/schema.org\",\"@graph\":[{\"@type\":\"WebPage\",\"@id\":\"https:\/\/besseling-group.com\/pt-pt\/\",\"url\":\"https:\/\/besseling-group.com\/pt-pt\/\",\"name\":\"Besseling, a Arte de Conservar - Besseling\",\"isPartOf\":{\"@id\":\"https:\/\/besseling-group.com\/#website\"},\"datePublished\":\"2019-01-11T14:34:48+00:00\",\"dateModified\":\"2019-02-01T14:11:40+00:00\",\"breadcrumb\":{\"@id\":\"https:\/\/besseling-group.com\/pt-pt\/#breadcrumb\"},\"inLanguage\":\"pt-PT\",\"potentialAction\":[{\"@type\":\"ReadAction\",\"target\":[\"https:\/\/besseling-group.com\/pt-pt\/\"]}]},{\"@type\":\"BreadcrumbList\",\"@id\":\"https:\/\/besseling-group.com\/pt-pt\/#breadcrumb\",\"itemListElement\":[{\"@type\":\"ListItem\",\"position\":1,\"name\":\"Home\",\"item\":\"https:\/\/besseling-group.com\/pt-pt\/\"},{\"@type\":\"ListItem\",\"position\":2,\"name\":\"Besseling, a Arte de Conservar\"}]},{\"@type\":\"WebSite\",\"@id\":\"https:\/\/besseling-group.com\/#website\",\"url\":\"https:\/\/besseling-group.com\/\",\"name\":\"Besseling\",\"description\":\"The art of storage\",\"potentialAction\":[{\"@type\":\"SearchAction\",\"target\":{\"@type\":\"EntryPoint\",\"urlTemplate\":\"https:\/\/besseling-group.com\/?s={search_term_string}\"},\"query-input\":\"required name=search_term_string\"}],\"inLanguage\":\"pt-PT\"}]}<\/script>\n<!-- \/ Yoast SEO plugin. -->","yoast_head_json":{"title":"Besseling, a Arte de Conservar - Besseling","robots":{"index":"index","follow":"follow","max-snippet":"max-snippet:-1","max-image-preview":"max-image-preview:large","max-video-preview":"max-video-preview:-1"},"canonical":"https:\/\/besseling-group.com\/pt-pt\/","og_locale":"pt_PT","og_type":"article","og_title":"Besseling, a Arte de Conservar - Besseling","og_description":"Conservar e proteger, estas duas palavras significam tudo o que n\u00f3s fizemos: Dar aos seus produtos os cuidados e aten\u00e7\u00e3o que eles precisam a fim de atingir o m\u00e1ximo retorno financeiro. Como especialista em AC \/ ULO \/ DCA e outras tecnologias de armazenagem, oferecemos solu\u00e7\u00f5es personalizadas a fim de criar um ambiente com uma [&hellip;]","og_url":"https:\/\/besseling-group.com\/pt-pt\/","og_site_name":"Besseling","article_publisher":"https:\/\/www.facebook.com\/besselingca","article_modified_time":"2019-02-01T14:11:40+00:00","og_image":[{"width":745,"height":295,"url":"https:\/\/besseling-group.com\/wp-content\/uploads\/2014\/07\/Besseling-Group_CA-01.jpg","type":"image\/jpeg"}],"twitter_card":"summary_large_image","twitter_site":"@BesselingGroup","twitter_misc":{"Est. reading time":"1 minute"},"schema":{"@context":"https:\/\/schema.org","@graph":[{"@type":"WebPage","@id":"https:\/\/besseling-group.com\/pt-pt\/","url":"https:\/\/besseling-group.com\/pt-pt\/","name":"Besseling, a Arte de Conservar - Besseling","isPartOf":{"@id":"https:\/\/besseling-group.com\/#website"},"datePublished":"2019-01-11T14:34:48+00:00","dateModified":"2019-02-01T14:11:40+00:00","breadcrumb":{"@id":"https:\/\/besseling-group.com\/pt-pt\/#breadcrumb"},"inLanguage":"pt-PT","potentialAction":[{"@type":"ReadAction","target":["https:\/\/besseling-group.com\/pt-pt\/"]}]},{"@type":"BreadcrumbList","@id":"https:\/\/besseling-group.com\/pt-pt\/#breadcrumb","itemListElement":[{"@type":"ListItem","position":1,"name":"Home","item":"https:\/\/besseling-group.com\/pt-pt\/"},{"@type":"ListItem","position":2,"name":"Besseling, a Arte de Conservar"}]},{"@type":"WebSite","@id":"https:\/\/besseling-group.com\/#website","url":"https:\/\/besseling-group.com\/","name":"Besseling","description":"The art of storage","potentialAction":[{"@type":"SearchAction","target":{"@type":"EntryPoint","urlTemplate":"https:\/\/besseling-group.com\/?s={search_term_string}"},"query-input":"required name=search_term_string"}],"inLanguage":"pt-PT"}]}},"_links":{"self":[{"href":"https:\/\/besseling-group.com\/pt-pt\/wp-json\/wp\/v2\/pages\/1686"}],"collection":[{"href":"https:\/\/besseling-group.com\/pt-pt\/wp-json\/wp\/v2\/pages"}],"about":[{"href":"https:\/\/besseling-group.com\/pt-pt\/wp-json\/wp\/v2\/types\/page"}],"author":[{"embeddable":true,"href":"https:\/\/besseling-group.com\/pt-pt\/wp-json\/wp\/v2\/users\/6"}],"replies":[{"embeddable":true,"href":"https:\/\/besseling-group.com\/pt-pt\/wp-json\/wp\/v2\/comments?post=1686"}],"version-history":[{"count":2,"href":"https:\/\/besseling-group.com\/pt-pt\/wp-json\/wp\/v2\/pages\/1686\/revisions"}],"predecessor-version":[{"id":3387,"href":"https:\/\/besseling-group.com\/pt-pt\/wp-json\/wp\/v2\/pages\/1686\/revisions\/3387"}],"wp:featuredmedia":[{"embeddable":true,"href":"https:\/\/besseling-group.com\/pt-pt\/wp-json\/wp\/v2\/media\/1688"}],"wp:attachment":[{"href":"https:\/\/besseling-group.com\/pt-pt\/wp-json\/wp\/v2\/media?parent=1686"}],"curies":[{"name":"wp","href":"https:\/\/api.w.org\/{rel}","templated":true}]}}