{"id":3338,"date":"2019-01-29T17:39:20","date_gmt":"2019-01-29T15:39:20","guid":{"rendered":"http:\/\/www.besseling-group.com\/?page_id=3338"},"modified":"2019-01-29T17:39:20","modified_gmt":"2019-01-29T15:39:20","slug":"feiras","status":"publish","type":"page","link":"https:\/\/besseling-group.com\/pt-pt\/feiras\/","title":{"rendered":"Feiras"},"content":{"rendered":"<p>N\u00f3s queremos manter os Clientes sempre informados sobre nossos produtos e servi\u00e7os. Por isso estaremos presentes nas seguintes feiras: <\/p>\n<p>Se desejas mais informa\u00e7\u00f5es entre em  <a title=\"Informatie aanvragen\" href=\"http:\/\/besseling-group.com\/information\/information-request\/\">contato <\/a> conosco.<\/p>\n","protected":false},"excerpt":{"rendered":"<p>N\u00f3s queremos manter os Clientes sempre informados sobre nossos produtos e servi\u00e7os. Por isso estaremos presentes nas seguintes feiras: Se desejas mais informa\u00e7\u00f5es entre em contato conosco.<\/p>\n","protected":false},"author":2,"featured_media":0,"parent":0,"menu_order":0,"comment_status":"open","ping_status":"open","template":"","meta":[],"acf":[],"yoast_head":"<!-- This site is optimized with the Yoast SEO plugin v20.5 - https:\/\/yoast.com\/wordpress\/plugins\/seo\/ -->\n<title>Feiras - Besseling<\/title>\n<meta name=\"robots\" content=\"index, follow, max-snippet:-1, max-image-preview:large, max-video-preview:-1\" \/>\n<link rel=\"canonical\" href=\"https:\/\/besseling-group.com\/pt-pt\/feiras\/\" \/>\n<meta property=\"og:locale\" content=\"pt_PT\" \/>\n<meta property=\"og:type\" content=\"article\" \/>\n<meta property=\"og:title\" content=\"Feiras - Besseling\" \/>\n<meta property=\"og:description\" content=\"N\u00f3s queremos manter os Clientes sempre informados sobre nossos produtos e servi\u00e7os. Por isso estaremos presentes nas seguintes feiras: Se desejas mais informa\u00e7\u00f5es entre em contato conosco.\" \/>\n<meta property=\"og:url\" content=\"https:\/\/besseling-group.com\/pt-pt\/feiras\/\" \/>\n<meta property=\"og:site_name\" content=\"Besseling\" \/>\n<meta property=\"article:publisher\" content=\"https:\/\/www.facebook.com\/besselingca\" \/>\n<meta name=\"twitter:card\" content=\"summary_large_image\" \/>\n<meta name=\"twitter:site\" content=\"@BesselingGroup\" \/>\n<script type=\"application\/ld+json\" class=\"yoast-schema-graph\">{\"@context\":\"https:\/\/schema.org\",\"@graph\":[{\"@type\":\"WebPage\",\"@id\":\"https:\/\/besseling-group.com\/pt-pt\/feiras\/\",\"url\":\"https:\/\/besseling-group.com\/pt-pt\/feiras\/\",\"name\":\"Feiras - Besseling\",\"isPartOf\":{\"@id\":\"https:\/\/besseling-group.com\/#website\"},\"datePublished\":\"2019-01-29T15:39:20+00:00\",\"dateModified\":\"2019-01-29T15:39:20+00:00\",\"breadcrumb\":{\"@id\":\"https:\/\/besseling-group.com\/pt-pt\/feiras\/#breadcrumb\"},\"inLanguage\":\"pt-PT\",\"potentialAction\":[{\"@type\":\"ReadAction\",\"target\":[\"https:\/\/besseling-group.com\/pt-pt\/feiras\/\"]}]},{\"@type\":\"BreadcrumbList\",\"@id\":\"https:\/\/besseling-group.com\/pt-pt\/feiras\/#breadcrumb\",\"itemListElement\":[{\"@type\":\"ListItem\",\"position\":1,\"name\":\"Home\",\"item\":\"https:\/\/besseling-group.com\/pt-pt\/\"},{\"@type\":\"ListItem\",\"position\":2,\"name\":\"Feiras\"}]},{\"@type\":\"WebSite\",\"@id\":\"https:\/\/besseling-group.com\/#website\",\"url\":\"https:\/\/besseling-group.com\/\",\"name\":\"Besseling\",\"description\":\"The art of storage\",\"potentialAction\":[{\"@type\":\"SearchAction\",\"target\":{\"@type\":\"EntryPoint\",\"urlTemplate\":\"https:\/\/besseling-group.com\/?s={search_term_string}\"},\"query-input\":\"required name=search_term_string\"}],\"inLanguage\":\"pt-PT\"}]}<\/script>\n<!-- \/ Yoast SEO plugin. -->","yoast_head_json":{"title":"Feiras - Besseling","robots":{"index":"index","follow":"follow","max-snippet":"max-snippet:-1","max-image-preview":"max-image-preview:large","max-video-preview":"max-video-preview:-1"},"canonical":"https:\/\/besseling-group.com\/pt-pt\/feiras\/","og_locale":"pt_PT","og_type":"article","og_title":"Feiras - Besseling","og_description":"N\u00f3s queremos manter os Clientes sempre informados sobre nossos produtos e servi\u00e7os. Por isso estaremos presentes nas seguintes feiras: Se desejas mais informa\u00e7\u00f5es entre em contato conosco.","og_url":"https:\/\/besseling-group.com\/pt-pt\/feiras\/","og_site_name":"Besseling","article_publisher":"https:\/\/www.facebook.com\/besselingca","twitter_card":"summary_large_image","twitter_site":"@BesselingGroup","schema":{"@context":"https:\/\/schema.org","@graph":[{"@type":"WebPage","@id":"https:\/\/besseling-group.com\/pt-pt\/feiras\/","url":"https:\/\/besseling-group.com\/pt-pt\/feiras\/","name":"Feiras - Besseling","isPartOf":{"@id":"https:\/\/besseling-group.com\/#website"},"datePublished":"2019-01-29T15:39:20+00:00","dateModified":"2019-01-29T15:39:20+00:00","breadcrumb":{"@id":"https:\/\/besseling-group.com\/pt-pt\/feiras\/#breadcrumb"},"inLanguage":"pt-PT","potentialAction":[{"@type":"ReadAction","target":["https:\/\/besseling-group.com\/pt-pt\/feiras\/"]}]},{"@type":"BreadcrumbList","@id":"https:\/\/besseling-group.com\/pt-pt\/feiras\/#breadcrumb","itemListElement":[{"@type":"ListItem","position":1,"name":"Home","item":"https:\/\/besseling-group.com\/pt-pt\/"},{"@type":"ListItem","position":2,"name":"Feiras"}]},{"@type":"WebSite","@id":"https:\/\/besseling-group.com\/#website","url":"https:\/\/besseling-group.com\/","name":"Besseling","description":"The art of storage","potentialAction":[{"@type":"SearchAction","target":{"@type":"EntryPoint","urlTemplate":"https:\/\/besseling-group.com\/?s={search_term_string}"},"query-input":"required name=search_term_string"}],"inLanguage":"pt-PT"}]}},"_links":{"self":[{"href":"https:\/\/besseling-group.com\/pt-pt\/wp-json\/wp\/v2\/pages\/3338"}],"collection":[{"href":"https:\/\/besseling-group.com\/pt-pt\/wp-json\/wp\/v2\/pages"}],"about":[{"href":"https:\/\/besseling-group.com\/pt-pt\/wp-json\/wp\/v2\/types\/page"}],"author":[{"embeddable":true,"href":"https:\/\/besseling-group.com\/pt-pt\/wp-json\/wp\/v2\/users\/2"}],"replies":[{"embeddable":true,"href":"https:\/\/besseling-group.com\/pt-pt\/wp-json\/wp\/v2\/comments?post=3338"}],"version-history":[{"count":1,"href":"https:\/\/besseling-group.com\/pt-pt\/wp-json\/wp\/v2\/pages\/3338\/revisions"}],"predecessor-version":[{"id":3339,"href":"https:\/\/besseling-group.com\/pt-pt\/wp-json\/wp\/v2\/pages\/3338\/revisions\/3339"}],"wp:attachment":[{"href":"https:\/\/besseling-group.com\/pt-pt\/wp-json\/wp\/v2\/media?parent=3338"}],"curies":[{"name":"wp","href":"https:\/\/api.w.org\/{rel}","templated":true}]}}