{"id":1442,"date":"2014-07-21T12:19:05","date_gmt":"2014-07-21T11:19:05","guid":{"rendered":"http:\/\/www.besseling-group.com\/besseling-depolama-sanati\/"},"modified":"2014-07-21T12:19:05","modified_gmt":"2014-07-21T11:19:05","slug":"besseling-depolama-sanati","status":"publish","type":"page","link":"https:\/\/besseling-group.com\/tr\/","title":{"rendered":"Besseling, depolama sanat\u0131"},"content":{"rendered":"<p><strong>Depolama ve koruma,<\/strong> Besseling\u2019in yapt\u0131\u011f\u0131 her \u015feyin kilidi olan iki kelimedir: m\u00fcmk\u00fcn olan en y\u00fcksek d\u00f6n\u00fc\u015fleri almak i\u00e7in \u00fcr\u00fcnlerinize tam bak\u0131m ve dikkati vermektir. CA\/ULA\/DCA ve di\u011fer depolama teknolojilerinde uzman olan bir firma olarak, koruyucu bir atmosfer olu\u015fturmak amac\u0131yla \u00f6zel \u00e7\u00f6z\u00fcmler sunuyoruz. <\/p>\n<p>Neden Besselling Group? Cevab\u0131 basittir: kan\u0131tlanm\u0131\u015f teknoloji.  Bizim ekipmanlar\u0131m\u0131z en zor ve en u\u00e7 ko\u015fullarda denenmi\u015f ve test edilmi\u015flerdir. Biz ekipmanlar\u0131m\u0131z\u0131n en zorlay\u0131c\u0131 \u015fartlara uygun olmas\u0131n\u0131 sa\u011fl\u0131yoruz. Bu da bir s\u00fcrpriz de\u011fil \u00e7\u00fcnk\u00fc bizim kurucular\u0131m\u0131z birka\u00e7 nesildir tar\u0131m sekt\u00f6r\u00fcnde aktiflerdir ve de\u011ferli \u00fcr\u00fcnlerinizin depolanmas\u0131 i\u00e7in en iyi yolu bulmaya \u00e7al\u0131\u015fm\u0131\u015flard\u0131r. <\/p>\n<p>Uzmanlar\u0131m\u0131z sayesinde t\u00fcm depolama ihtiya\u00e7lar\u0131n\u0131z i\u00e7in entegre \u00e7\u00f6z\u00fcmler sunabiliyoruz. E\u011fer arzu ederseniz, bir\u00e7ok atmosferle ilgili so\u011fuk ve nem kontrol\u00fc hakk\u0131nda size dan\u0131\u015fmanl\u0131k hizmeti de veriyoruz. Kaliteli ekipmanlar\u0131m\u0131z \u00f6zellikle \u00fcr\u00fcnlerinizi uzun vade, uygun fiyata, g\u00fcvenilir bir \u015fekilde ve minimum bak\u0131mla depolamak amac\u0131yla geli\u015ftirilmi\u015flerdir. K\u0131sacas\u0131, \u00fcr\u00fcnlerinizi\/gelirinizi korumak i\u00e7in eksiksiz bir programd\u0131r.<\/p>\n<p>Besseling so\u011fuk hava deposu ve \u00f6tesinde size g\u00f6n\u00fcl rahatl\u0131\u011f\u0131 sunuyor. <strong>\u201cDepolama sanat\u0131\u201d<\/strong> dedi\u011fimiz \u015fey i\u015fte tam da budur. <\/p>\n","protected":false},"excerpt":{"rendered":"<p>Depolama ve koruma, Besseling\u2019in yapt\u0131\u011f\u0131 her \u015feyin kilidi olan iki kelimedir: m\u00fcmk\u00fcn olan en y\u00fcksek d\u00f6n\u00fc\u015fleri almak i\u00e7in \u00fcr\u00fcnlerinize tam bak\u0131m ve dikkati vermektir. CA\/ULA\/DCA ve di\u011fer depolama teknolojilerinde uzman olan bir firma olarak, koruyucu bir atmosfer olu\u015fturmak amac\u0131yla \u00f6zel \u00e7\u00f6z\u00fcmler sunuyoruz. Neden Besselling Group? Cevab\u0131 basittir: kan\u0131tlanm\u0131\u015f teknoloji. Bizim ekipmanlar\u0131m\u0131z en zor ve en [&hellip;]<\/p>\n","protected":false},"author":1,"featured_media":1799,"parent":0,"menu_order":3,"comment_status":"open","ping_status":"open","template":"","meta":[],"acf":[],"yoast_head":"<!-- This site is optimized with the Yoast SEO plugin v20.5 - https:\/\/yoast.com\/wordpress\/plugins\/seo\/ -->\n<title>Besseling, depolama sanat\u0131 - Besseling<\/title>\n<meta name=\"robots\" content=\"index, follow, max-snippet:-1, max-image-preview:large, max-video-preview:-1\" \/>\n<link rel=\"canonical\" href=\"https:\/\/besseling-group.com\/tr\/\" \/>\n<meta property=\"og:locale\" content=\"tr_TR\" \/>\n<meta property=\"og:type\" content=\"article\" \/>\n<meta property=\"og:title\" content=\"Besseling, depolama sanat\u0131 - Besseling\" \/>\n<meta property=\"og:description\" content=\"Depolama ve koruma, Besseling\u2019in yapt\u0131\u011f\u0131 her \u015feyin kilidi olan iki kelimedir: m\u00fcmk\u00fcn olan en y\u00fcksek d\u00f6n\u00fc\u015fleri almak i\u00e7in \u00fcr\u00fcnlerinize tam bak\u0131m ve dikkati vermektir. CA\/ULA\/DCA ve di\u011fer depolama teknolojilerinde uzman olan bir firma olarak, koruyucu bir atmosfer olu\u015fturmak amac\u0131yla \u00f6zel \u00e7\u00f6z\u00fcmler sunuyoruz. Neden Besselling Group? Cevab\u0131 basittir: kan\u0131tlanm\u0131\u015f teknoloji. Bizim ekipmanlar\u0131m\u0131z en zor ve en [&hellip;]\" \/>\n<meta property=\"og:url\" content=\"https:\/\/besseling-group.com\/tr\/\" \/>\n<meta property=\"og:site_name\" content=\"Besseling\" \/>\n<meta property=\"article:publisher\" content=\"https:\/\/www.facebook.com\/besselingca\" \/>\n<meta property=\"og:image\" content=\"https:\/\/besseling-group.com\/wp-content\/uploads\/2014\/07\/Besseling-Group_CA-01.jpg\" \/>\n\t<meta property=\"og:image:width\" content=\"745\" \/>\n\t<meta property=\"og:image:height\" content=\"295\" \/>\n\t<meta property=\"og:image:type\" content=\"image\/jpeg\" \/>\n<meta name=\"twitter:card\" content=\"summary_large_image\" \/>\n<meta name=\"twitter:site\" content=\"@BesselingGroup\" \/>\n<meta name=\"twitter:label1\" content=\"Tahmini okuma s\u00fcresi\" \/>\n\t<meta name=\"twitter:data1\" content=\"1 dakika\" \/>\n<script type=\"application\/ld+json\" class=\"yoast-schema-graph\">{\"@context\":\"https:\/\/schema.org\",\"@graph\":[{\"@type\":\"WebPage\",\"@id\":\"https:\/\/besseling-group.com\/tr\/\",\"url\":\"https:\/\/besseling-group.com\/tr\/\",\"name\":\"Besseling, depolama sanat\u0131 - Besseling\",\"isPartOf\":{\"@id\":\"https:\/\/besseling-group.com\/#website\"},\"datePublished\":\"2014-07-21T11:19:05+00:00\",\"dateModified\":\"2014-07-21T11:19:05+00:00\",\"breadcrumb\":{\"@id\":\"https:\/\/besseling-group.com\/tr\/#breadcrumb\"},\"inLanguage\":\"tr\",\"potentialAction\":[{\"@type\":\"ReadAction\",\"target\":[\"https:\/\/besseling-group.com\/tr\/\"]}]},{\"@type\":\"BreadcrumbList\",\"@id\":\"https:\/\/besseling-group.com\/tr\/#breadcrumb\",\"itemListElement\":[{\"@type\":\"ListItem\",\"position\":1,\"name\":\"Home\",\"item\":\"https:\/\/besseling-group.com\/tr\/\"},{\"@type\":\"ListItem\",\"position\":2,\"name\":\"Besseling, depolama sanat\u0131\"}]},{\"@type\":\"WebSite\",\"@id\":\"https:\/\/besseling-group.com\/#website\",\"url\":\"https:\/\/besseling-group.com\/\",\"name\":\"Besseling\",\"description\":\"The art of storage\",\"potentialAction\":[{\"@type\":\"SearchAction\",\"target\":{\"@type\":\"EntryPoint\",\"urlTemplate\":\"https:\/\/besseling-group.com\/?s={search_term_string}\"},\"query-input\":\"required name=search_term_string\"}],\"inLanguage\":\"tr\"}]}<\/script>\n<!-- \/ Yoast SEO plugin. -->","yoast_head_json":{"title":"Besseling, depolama sanat\u0131 - Besseling","robots":{"index":"index","follow":"follow","max-snippet":"max-snippet:-1","max-image-preview":"max-image-preview:large","max-video-preview":"max-video-preview:-1"},"canonical":"https:\/\/besseling-group.com\/tr\/","og_locale":"tr_TR","og_type":"article","og_title":"Besseling, depolama sanat\u0131 - Besseling","og_description":"Depolama ve koruma, Besseling\u2019in yapt\u0131\u011f\u0131 her \u015feyin kilidi olan iki kelimedir: m\u00fcmk\u00fcn olan en y\u00fcksek d\u00f6n\u00fc\u015fleri almak i\u00e7in \u00fcr\u00fcnlerinize tam bak\u0131m ve dikkati vermektir. CA\/ULA\/DCA ve di\u011fer depolama teknolojilerinde uzman olan bir firma olarak, koruyucu bir atmosfer olu\u015fturmak amac\u0131yla \u00f6zel \u00e7\u00f6z\u00fcmler sunuyoruz. Neden Besselling Group? Cevab\u0131 basittir: kan\u0131tlanm\u0131\u015f teknoloji. Bizim ekipmanlar\u0131m\u0131z en zor ve en [&hellip;]","og_url":"https:\/\/besseling-group.com\/tr\/","og_site_name":"Besseling","article_publisher":"https:\/\/www.facebook.com\/besselingca","og_image":[{"width":745,"height":295,"url":"https:\/\/besseling-group.com\/wp-content\/uploads\/2014\/07\/Besseling-Group_CA-01.jpg","type":"image\/jpeg"}],"twitter_card":"summary_large_image","twitter_site":"@BesselingGroup","twitter_misc":{"Tahmini okuma s\u00fcresi":"1 dakika"},"schema":{"@context":"https:\/\/schema.org","@graph":[{"@type":"WebPage","@id":"https:\/\/besseling-group.com\/tr\/","url":"https:\/\/besseling-group.com\/tr\/","name":"Besseling, depolama sanat\u0131 - Besseling","isPartOf":{"@id":"https:\/\/besseling-group.com\/#website"},"datePublished":"2014-07-21T11:19:05+00:00","dateModified":"2014-07-21T11:19:05+00:00","breadcrumb":{"@id":"https:\/\/besseling-group.com\/tr\/#breadcrumb"},"inLanguage":"tr","potentialAction":[{"@type":"ReadAction","target":["https:\/\/besseling-group.com\/tr\/"]}]},{"@type":"BreadcrumbList","@id":"https:\/\/besseling-group.com\/tr\/#breadcrumb","itemListElement":[{"@type":"ListItem","position":1,"name":"Home","item":"https:\/\/besseling-group.com\/tr\/"},{"@type":"ListItem","position":2,"name":"Besseling, depolama sanat\u0131"}]},{"@type":"WebSite","@id":"https:\/\/besseling-group.com\/#website","url":"https:\/\/besseling-group.com\/","name":"Besseling","description":"The art of storage","potentialAction":[{"@type":"SearchAction","target":{"@type":"EntryPoint","urlTemplate":"https:\/\/besseling-group.com\/?s={search_term_string}"},"query-input":"required name=search_term_string"}],"inLanguage":"tr"}]}},"_links":{"self":[{"href":"https:\/\/besseling-group.com\/tr\/wp-json\/wp\/v2\/pages\/1442"}],"collection":[{"href":"https:\/\/besseling-group.com\/tr\/wp-json\/wp\/v2\/pages"}],"about":[{"href":"https:\/\/besseling-group.com\/tr\/wp-json\/wp\/v2\/types\/page"}],"author":[{"embeddable":true,"href":"https:\/\/besseling-group.com\/tr\/wp-json\/wp\/v2\/users\/1"}],"replies":[{"embeddable":true,"href":"https:\/\/besseling-group.com\/tr\/wp-json\/wp\/v2\/comments?post=1442"}],"version-history":[{"count":0,"href":"https:\/\/besseling-group.com\/tr\/wp-json\/wp\/v2\/pages\/1442\/revisions"}],"wp:featuredmedia":[{"embeddable":true,"href":"https:\/\/besseling-group.com\/tr\/wp-json\/wp\/v2\/media\/1799"}],"wp:attachment":[{"href":"https:\/\/besseling-group.com\/tr\/wp-json\/wp\/v2\/media?parent=1442"}],"curies":[{"name":"wp","href":"https:\/\/api.w.org\/{rel}","templated":true}]}}